{"id":1427,"date":"2026-01-29T13:49:10","date_gmt":"2026-01-29T12:49:10","guid":{"rendered":"https:\/\/dev.web-design.wien\/fotokurse\/?page_id=1427"},"modified":"2026-02-17T10:22:25","modified_gmt":"2026-02-17T09:22:25","slug":"widerrufsbelehrung","status":"publish","type":"page","link":"https:\/\/dev.web-design.wien\/fotokurse\/widerrufsbelehrung\/","title":{"rendered":"Widerrufsbelehrung"},"content":{"rendered":"\t\t<div data-elementor-type=\"wp-page\" data-elementor-id=\"1427\" class=\"elementor elementor-1427\" data-elementor-post-type=\"page\">\n\t\t\t\t<div class=\"elementor-element elementor-element-def94f4 e-flex e-con-boxed e-con e-parent\" data-id=\"def94f4\" data-element_type=\"container\" data-e-type=\"container\">\n\t\t\t\t\t<div class=\"e-con-inner\">\n\t\t\t\t<div class=\"elementor-element elementor-element-74fa0ff elementor-widget elementor-widget-heading\" data-id=\"74fa0ff\" data-element_type=\"widget\" data-e-type=\"widget\" data-widget_type=\"heading.default\">\n\t\t\t\t\t<h2 class=\"elementor-heading-title elementor-size-default\">Widerrufsbelehrung<\/h2>\t\t\t\t<\/div>\n\t\t\t\t<div class=\"elementor-element elementor-element-9c73a17 elementor-widget elementor-widget-text-editor\" data-id=\"9c73a17\" data-element_type=\"widget\" data-e-type=\"widget\" data-widget_type=\"text-editor.default\">\n\t\t\t\t\t\t\t\t\t<p><strong>Widerrufsrecht<\/strong><\/p><p>Sie haben das Recht, binnen vierzehn Tagen ohne Angabe von Gr\u00fcnden diesen Vertrag zu widerrufen.<br \/>Die Widerrufsfrist betr\u00e4gt vierzehn Tage ab dem Tag des Vertragsabschlusses.<\/p><p>Um Ihr Widerrufsrecht auszu\u00fcben, m\u00fcssen Sie FOTOKURSE TIROL mittels einer eindeutigen Erkl\u00e4rung (z. B. per Post oder E-Mail) \u00fcber Ihren Entschluss informieren. Sie k\u00f6nnen daf\u00fcr das bereitgestellte <a href=\"https:\/\/www.christina-gaio.at\/Download\/Muster-Widerrufsformular.pdf\" target=\"_blank\" rel=\"noopener\">Muster-Widerrufsformular<\/a> verwenden, dies ist jedoch nicht verpflichtend.<\/p><p>Zur Wahrung der Widerrufsfrist reicht es aus, dass Sie die Mitteilung vor Ablauf der Frist absenden.<\/p><p><b>Folgen des Widerrufs<\/b><br \/>Im Falle eines wirksamen Widerrufs erstattet FOTOKURSE TIROL alle geleisteten Zahlungen unverz\u00fcglich und sp\u00e4testens binnen 14 Tagen ab Eingang des Widerrufs. Die R\u00fcckzahlung erfolgt mittels derselben Zahlungsart, sofern nichts anderes vereinbart wurde.<\/p><p><b>Beginn der Dienstleistung vor Ablauf der Widerrufsfrist<\/b><br \/>Verlangen Sie ausdr\u00fccklich, dass FOTOKURSE TIROL\u00a0vor Ablauf der Widerrufsfrist mit der Durchf\u00fchrung des Kurses beginnt, und best\u00e4tigen Sie Ihre Kenntnis dar\u00fcber, dass Sie mit vollst\u00e4ndiger Vertragserf\u00fcllung Ihr Widerrufsrecht verlieren, erlischt dieses gem\u00e4\u00df \u00a7 18 Abs 1 Z 1 FAGG.<\/p><p><b>Stornobedingungen nach Ablauf der Widerrufsfrist<\/b><br \/>Nach Ablauf der gesetzlichen Widerrufsfrist gelten folgende Stornobedingungen:<br \/>\u2013 bis 6 Wochen vor Kursbeginn: 100 % R\u00fcckerstattung<br \/>\u2013 bis 4 Wochen vor Kursbeginn: 20 % Stornogeb\u00fchr<br \/>\u2013 bis 2 Wochen vor Kursbeginn: 50 % Stornogeb\u00fchr<br \/>\u2013 ab 2 Wochen vor Kursbeginn oder bei Nichterscheinen: 100 % der Kursgeb\u00fchr<\/p><p>Programm\u00e4nderungen in zumutbarem Umfang sowie subjektive Unzufriedenheit begr\u00fcnden keinen Anspruch auf R\u00fcckerstattung.<\/p>\t\t\t\t\t\t\t\t<\/div>\n\t\t\t\t\t<\/div>\n\t\t\t\t<\/div>\n\t\t\t\t<\/div>\n\t\t","protected":false},"excerpt":{"rendered":"<p>Widerrufsbelehrung Widerrufsrecht Sie haben das Recht, binnen vierzehn Tagen ohne Angabe von Gr\u00fcnden diesen Vertrag zu widerrufen.Die Widerrufsfrist betr\u00e4gt vierzehn Tage ab dem Tag des Vertragsabschlusses. Um Ihr Widerrufsrecht auszu\u00fcben, m\u00fcssen Sie FOTOKURSE TIROL mittels einer eindeutigen Erkl\u00e4rung (z. B. per Post oder E-Mail) \u00fcber Ihren Entschluss informieren. Sie k\u00f6nnen daf\u00fcr das bereitgestellte Muster-Widerrufsformular verwenden, [&hellip;]<\/p>\n","protected":false},"author":3,"featured_media":0,"parent":0,"menu_order":0,"comment_status":"closed","ping_status":"closed","template":"","meta":{"footnotes":""},"class_list":["post-1427","page","type-page","status-publish","hentry"],"_links":{"self":[{"href":"https:\/\/dev.web-design.wien\/fotokurse\/wp-json\/wp\/v2\/pages\/1427","targetHints":{"allow":["GET"]}}],"collection":[{"href":"https:\/\/dev.web-design.wien\/fotokurse\/wp-json\/wp\/v2\/pages"}],"about":[{"href":"https:\/\/dev.web-design.wien\/fotokurse\/wp-json\/wp\/v2\/types\/page"}],"author":[{"embeddable":true,"href":"https:\/\/dev.web-design.wien\/fotokurse\/wp-json\/wp\/v2\/users\/3"}],"replies":[{"embeddable":true,"href":"https:\/\/dev.web-design.wien\/fotokurse\/wp-json\/wp\/v2\/comments?post=1427"}],"version-history":[{"count":22,"href":"https:\/\/dev.web-design.wien\/fotokurse\/wp-json\/wp\/v2\/pages\/1427\/revisions"}],"predecessor-version":[{"id":2290,"href":"https:\/\/dev.web-design.wien\/fotokurse\/wp-json\/wp\/v2\/pages\/1427\/revisions\/2290"}],"wp:attachment":[{"href":"https:\/\/dev.web-design.wien\/fotokurse\/wp-json\/wp\/v2\/media?parent=1427"}],"curies":[{"name":"wp","href":"https:\/\/api.w.org\/{rel}","templated":true}]}}