{"id":32,"date":"2026-01-15T14:01:40","date_gmt":"2026-01-15T13:01:40","guid":{"rendered":"https:\/\/dev.web-design.wien\/fotokurse\/?page_id=32"},"modified":"2026-02-17T10:19:10","modified_gmt":"2026-02-17T09:19:10","slug":"kontakt-anfahrt","status":"publish","type":"page","link":"https:\/\/dev.web-design.wien\/fotokurse\/kontakt-anfahrt\/","title":{"rendered":"Kontakt &#038; Anfahrt"},"content":{"rendered":"\t\t<div data-elementor-type=\"wp-page\" data-elementor-id=\"32\" class=\"elementor elementor-32\" data-elementor-post-type=\"page\">\n\t\t\t\t<div class=\"elementor-element elementor-element-78cf0746 e-con-full e-flex e-con e-parent\" data-id=\"78cf0746\" data-element_type=\"container\" data-e-type=\"container\" data-settings=\"{&quot;background_background&quot;:&quot;slideshow&quot;,&quot;background_slideshow_gallery&quot;:[{&quot;id&quot;:1134,&quot;url&quot;:&quot;https:\\\/\\\/dev.web-design.wien\\\/fotokurse\\\/wp-content\\\/uploads\\\/2026\\\/01\\\/fotokurs-fotoworkshop-tirol-18.-Februar-2013DSC_6009-18.-Februar-2013.jpg&quot;}],&quot;background_slideshow_loop&quot;:&quot;yes&quot;,&quot;background_slideshow_slide_duration&quot;:5000,&quot;background_slideshow_slide_transition&quot;:&quot;fade&quot;,&quot;background_slideshow_transition_duration&quot;:500}\">\n\t\t\t\t<\/div>\n\t\t<div class=\"elementor-element elementor-element-354acf20 e-flex e-con-boxed e-con e-parent\" data-id=\"354acf20\" data-element_type=\"container\" data-e-type=\"container\">\n\t\t\t\t\t<div class=\"e-con-inner\">\n\t\t<div class=\"elementor-element elementor-element-5345dee1 e-con-full e-flex e-con e-child\" data-id=\"5345dee1\" data-element_type=\"container\" data-e-type=\"container\" data-settings=\"{&quot;background_background&quot;:&quot;classic&quot;}\">\n\t\t<div class=\"elementor-element elementor-element-5ca36012 e-con-full e-flex e-con e-child\" data-id=\"5ca36012\" data-element_type=\"container\" data-e-type=\"container\" data-settings=\"{&quot;background_background&quot;:&quot;classic&quot;}\">\n\t\t\t\t<div class=\"elementor-element elementor-element-53bf5b14 elementor-widget elementor-widget-heading\" data-id=\"53bf5b14\" data-element_type=\"widget\" data-e-type=\"widget\" data-widget_type=\"heading.default\">\n\t\t\t\t\t<h2 class=\"elementor-heading-title elementor-size-default\">Kontakt und Anfahrt\u200b<\/h2>\t\t\t\t<\/div>\n\t\t\t\t<div class=\"elementor-element elementor-element-17fe8573 elementor-widget elementor-widget-heading\" data-id=\"17fe8573\" data-element_type=\"widget\" data-e-type=\"widget\" data-widget_type=\"heading.default\">\n\t\t\t\t\t<h2 class=\"elementor-heading-title elementor-size-default\">Du hast Fragen oder willst dich informieren?<\/h2>\t\t\t\t<\/div>\n\t\t\t\t<div class=\"elementor-element elementor-element-1ee2e601 elementor-widget-divider--view-line elementor-widget elementor-widget-divider\" data-id=\"1ee2e601\" data-element_type=\"widget\" data-e-type=\"widget\" data-widget_type=\"divider.default\">\n\t\t\t\t\t\t\t<div class=\"elementor-divider\">\n\t\t\t<span class=\"elementor-divider-separator\">\n\t\t\t\t\t\t<\/span>\n\t\t<\/div>\n\t\t\t\t\t\t<\/div>\n\t\t\t\t<\/div>\n\t\t\t\t<\/div>\n\t\t\t\t\t<\/div>\n\t\t\t\t<\/div>\n\t\t<div class=\"elementor-element elementor-element-3205751d e-flex e-con-boxed e-con e-parent\" data-id=\"3205751d\" data-element_type=\"container\" data-e-type=\"container\">\n\t\t\t\t\t<div class=\"e-con-inner\">\n\t\t<div class=\"elementor-element elementor-element-e4cf742 e-con-full e-flex e-con e-child\" data-id=\"e4cf742\" data-element_type=\"container\" data-e-type=\"container\">\n\t\t\t\t<div class=\"elementor-element elementor-element-eadef6e elementor-widget elementor-widget-heading\" data-id=\"eadef6e\" data-element_type=\"widget\" data-e-type=\"widget\" data-widget_type=\"heading.default\">\n\t\t\t\t\t<h2 class=\"elementor-heading-title elementor-size-default\">Christina Gaio Photography<\/h2>\t\t\t\t<\/div>\n\t\t\t\t<div class=\"elementor-element elementor-element-91c6633 elementor-icon-list--layout-traditional elementor-list-item-link-full_width elementor-widget elementor-widget-icon-list\" data-id=\"91c6633\" data-element_type=\"widget\" data-e-type=\"widget\" data-widget_type=\"icon-list.default\">\n\t\t\t\t\t\t\t<ul class=\"elementor-icon-list-items\">\n\t\t\t\t\t\t\t<li class=\"elementor-icon-list-item\">\n\t\t\t\t\t\t\t\t\t\t\t<a href=\"mailto:info@fotokurse-tirol.com\">\n\n\t\t\t\t\t\t\t\t\t\t\t\t<span class=\"elementor-icon-list-icon\">\n\t\t\t\t\t\t\t<svg aria-hidden=\"true\" class=\"e-font-icon-svg e-far-envelope\" viewBox=\"0 0 512 512\" xmlns=\"http:\/\/www.w3.org\/2000\/svg\"><path d=\"M464 64H48C21.49 64 0 85.49 0 112v288c0 26.51 21.49 48 48 48h416c26.51 0 48-21.49 48-48V112c0-26.51-21.49-48-48-48zm0 48v40.805c-22.422 18.259-58.168 46.651-134.587 106.49-16.841 13.247-50.201 45.072-73.413 44.701-23.208.375-56.579-31.459-73.413-44.701C106.18 199.465 70.425 171.067 48 152.805V112h416zM48 400V214.398c22.914 18.251 55.409 43.862 104.938 82.646 21.857 17.205 60.134 55.186 103.062 54.955 42.717.231 80.509-37.199 103.053-54.947 49.528-38.783 82.032-64.401 104.947-82.653V400H48z\"><\/path><\/svg>\t\t\t\t\t\t<\/span>\n\t\t\t\t\t\t\t\t\t\t<span class=\"elementor-icon-list-text\">info@fotokurse-tirol.com<\/span>\n\t\t\t\t\t\t\t\t\t\t\t<\/a>\n\t\t\t\t\t\t\t\t\t<\/li>\n\t\t\t\t\t\t\t\t<li class=\"elementor-icon-list-item\">\n\t\t\t\t\t\t\t\t\t\t\t<a href=\"tel:00436503633220\">\n\n\t\t\t\t\t\t\t\t\t\t\t\t<span class=\"elementor-icon-list-icon\">\n\t\t\t\t\t\t\t<svg aria-hidden=\"true\" class=\"e-font-icon-svg e-fas-phone-alt\" viewBox=\"0 0 512 512\" xmlns=\"http:\/\/www.w3.org\/2000\/svg\"><path d=\"M497.39 361.8l-112-48a24 24 0 0 0-28 6.9l-49.6 60.6A370.66 370.66 0 0 1 130.6 204.11l60.6-49.6a23.94 23.94 0 0 0 6.9-28l-48-112A24.16 24.16 0 0 0 122.6.61l-104 24A24 24 0 0 0 0 48c0 256.5 207.9 464 464 464a24 24 0 0 0 23.4-18.6l24-104a24.29 24.29 0 0 0-14.01-27.6z\"><\/path><\/svg>\t\t\t\t\t\t<\/span>\n\t\t\t\t\t\t\t\t\t\t<span class=\"elementor-icon-list-text\">Telefon: +43 650 3633220<\/span>\n\t\t\t\t\t\t\t\t\t\t\t<\/a>\n\t\t\t\t\t\t\t\t\t<\/li>\n\t\t\t\t\t\t\t\t<li class=\"elementor-icon-list-item\">\n\t\t\t\t\t\t\t\t\t\t\t<a href=\"https:\/\/www.google.com\/maps\/place\/Christina+Gaio+Photography\/@47.2996924,11.5056912,17z\/data=!4m15!1m8!3m7!1s0x479d6f7908b6609f:0x19d70c988516aaa3!2sRhombergstra%C3%9Fe+9,+6067+Absam!3b1!8m2!3d47.2996888!4d11.5082661!16s%2Fg%2F11cs7ttpv3!3m5!1s0x479d6f7909019039:0x83fca7432d955907!8m2!3d47.2996225!4d11.5081036!16s%2Fg%2F11cnpydr6f?entry=ttu&#038;g_ep=EgoyMDI2MDExMy4wIKXMDSoASAFQAw%3D%3D\">\n\n\t\t\t\t\t\t\t\t\t\t\t\t<span class=\"elementor-icon-list-icon\">\n\t\t\t\t\t\t\t<svg aria-hidden=\"true\" class=\"e-font-icon-svg e-fas-map-signs\" viewBox=\"0 0 512 512\" xmlns=\"http:\/\/www.w3.org\/2000\/svg\"><path d=\"M507.31 84.69L464 41.37c-6-6-14.14-9.37-22.63-9.37H288V16c0-8.84-7.16-16-16-16h-32c-8.84 0-16 7.16-16 16v16H56c-13.25 0-24 10.75-24 24v80c0 13.25 10.75 24 24 24h385.37c8.49 0 16.62-3.37 22.63-9.37l43.31-43.31c6.25-6.26 6.25-16.38 0-22.63zM224 496c0 8.84 7.16 16 16 16h32c8.84 0 16-7.16 16-16V384h-64v112zm232-272H288v-32h-64v32H70.63c-8.49 0-16.62 3.37-22.63 9.37L4.69 276.69c-6.25 6.25-6.25 16.38 0 22.63L48 342.63c6 6 14.14 9.37 22.63 9.37H456c13.25 0 24-10.75 24-24v-80c0-13.25-10.75-24-24-24z\"><\/path><\/svg>\t\t\t\t\t\t<\/span>\n\t\t\t\t\t\t\t\t\t\t<span class=\"elementor-icon-list-text\">Rhombergstra\u00dfe 9, 6067 Absam<\/span>\n\t\t\t\t\t\t\t\t\t\t\t<\/a>\n\t\t\t\t\t\t\t\t\t<\/li>\n\t\t\t\t\t\t<\/ul>\n\t\t\t\t\t\t<\/div>\n\t\t\t\t<\/div>\n\t\t<div class=\"elementor-element elementor-element-c76b87e e-con-full e-flex e-con e-child\" data-id=\"c76b87e\" data-element_type=\"container\" data-e-type=\"container\">\n\t\t\t\t<div class=\"elementor-element elementor-element-203affe elementor-widget elementor-widget-heading\" data-id=\"203affe\" data-element_type=\"widget\" data-e-type=\"widget\" data-widget_type=\"heading.default\">\n\t\t\t\t\t<h2 class=\"elementor-heading-title elementor-size-default\">Kontaktformular<\/h2>\t\t\t\t<\/div>\n\t\t\t\t<div class=\"elementor-element elementor-element-c1fa703 elementor-widget elementor-widget-formidable\" data-id=\"c1fa703\" data-element_type=\"widget\" data-e-type=\"widget\" data-widget_type=\"formidable.default\">\n\t\t\t\t<div class=\"elementor-widget-container\">\n\t\t\t\t\t<div class=\"frm_forms  with_frm_style frm_style_formidable-stil\" id=\"frm_form_3_container\" data-token=\"ab7c0566bdcb04dfc6834a6f0796bafc\">\n<form enctype=\"multipart\/form-data\" method=\"post\" class=\"frm-show-form  frm_pro_form \" id=\"form_kontaktformular\" data-token=\"ab7c0566bdcb04dfc6834a6f0796bafc\">\n<div class=\"frm_form_fields \">\n<fieldset>\n<legend class=\"frm_screen_reader\">Kontaktformular<\/legend>\r\n\r\n<div class=\"frm_fields_container\">\n<input type=\"hidden\" name=\"frm_action\" value=\"create\" \/>\n<input type=\"hidden\" name=\"form_id\" value=\"3\" \/>\n<input type=\"hidden\" name=\"frm_hide_fields_3\" id=\"frm_hide_fields_3\" value=\"\" \/>\n<input type=\"hidden\" name=\"form_key\" value=\"kontaktformular\" \/>\n<input type=\"hidden\" name=\"item_meta[0]\" value=\"\" \/>\n<input type=\"hidden\" id=\"frm_submit_entry_3\" name=\"frm_submit_entry_3\" value=\"339722d07e\" \/><input type=\"hidden\" name=\"_wp_http_referer\" value=\"\/fotokurse\/wp-json\/wp\/v2\/pages\/32\" \/><div id=\"frm_field_56_container\" class=\"frm_form_field form-field  frm_required_field frm_top_container\">\r\n\t<label for=\"field_m5617\" id=\"field_m5617_label\" class=\"frm_primary_label\">Dein Vor- und Nachname\r\n\t\t<span class=\"frm_required\" aria-hidden=\"true\">*<\/span>\r\n\t<\/label>\r\n\t<input  type=\"text\" id=\"field_m5617\" name=\"item_meta[56]\" value=\"\"  data-reqmsg=\"Dein Vor- und Nachname kann nicht leer sein.\" aria-required=\"true\" data-invmsg=\"Dein Vor- und Nachname ist ung\u00fcltig\" aria-invalid=\"false\"   \/>\r\n\t\r\n\t\r\n<\/div>\n<div id=\"frm_field_57_container\" class=\"frm_form_field form-field  frm_required_field frm_top_container\">\r\n\t<label for=\"field_jammw\" id=\"field_jammw_label\" class=\"frm_primary_label\">Deine E-Mailadresse\r\n\t\t<span class=\"frm_required\" aria-hidden=\"true\">*<\/span>\r\n\t<\/label>\r\n\t<input type=\"email\" id=\"field_jammw\" name=\"item_meta[57]\" value=\"\"  autocomplete=\"email\"  data-reqmsg=\"Deine E-Mailadresse kann nicht leer sein.\" aria-required=\"true\" data-invmsg=\"Deine E-Mailadresse ist ung\u00fcltig\" aria-invalid=\"false\"  \/>\r\n\t\r\n\t\r\n<\/div>\n<div id=\"frm_field_58_container\" class=\"frm_form_field form-field  frm_required_field frm_top_container\">\r\n\t<label for=\"field_fatn7\" id=\"field_fatn7_label\" class=\"frm_primary_label\">Deine Nachricht\r\n\t\t<span class=\"frm_required\" aria-hidden=\"true\">*<\/span>\r\n\t<\/label>\r\n\t<textarea name=\"item_meta[58]\" id=\"field_fatn7\" rows=\"5\"  data-reqmsg=\"Deine Nachricht kann nicht leer sein.\" aria-required=\"true\" data-invmsg=\"Deine Nachricht ist ung\u00fcltig\" aria-invalid=\"false\"  ><\/textarea>\r\n\t\r\n\t\r\n<\/div>\n<div id=\"frm_field_59_container\" class=\"frm_form_field form-field  frm_required_field frm_top_container vertical_radio\">\r\n\t<div  id=\"field_w8eiz_label\" class=\"frm_primary_label\"><a href=\"https:\/\/dev.web-design.wien\/fotokurse\/dsgvo\/\" target=\"_blank\">Datenschutz<\/a>\r\n\t\t<span class=\"frm_required\" aria-hidden=\"true\">*<\/span>\r\n\t<\/div>\r\n\t<div class=\"frm_opt_container\" aria-labelledby=\"field_w8eiz_label\" role=\"group\">\t\t<div class=\"frm_checkbox\" id=\"frm_checkbox_59-0\">\t\t\t<label  for=\"field_w8eiz-0\">\n\t\t\t<input type=\"checkbox\" name=\"item_meta[59][]\" id=\"field_w8eiz-0\" value=\"Ich habe die Datenschutzerkl\u00e4rung gelesen und stimme dieser zu\"  data-reqmsg=\"&lt;a href=&quot;https:\/\/dev.web-design.wien\/fotokurse\/dsgvo\/&quot; target=&quot;_blank&quot;&gt;Datenschutz&lt;\/a&gt; kann nicht leer sein.\" data-invmsg=\"&lt;a href=&quot;https:\/\/dev.web-design.wien\/fotokurse\/dsgvo\/&quot; target=&quot;_blank&quot;&gt;Datenschutz&lt;\/a&gt; ist ung\u00fcltig\"   aria-required=\"true\"  \/> Ich habe die Datenschutzerkl\u00e4rung gelesen und stimme dieser zu<\/label><\/div>\n<\/div>\r\n\t\r\n\t\r\n<\/div>\n<div id=\"frm_field_55_container\" class=\"frm_form_field form-field \">\r\n\t<div class=\"frm_submit frm_flex\">\r\n<button class=\"frm_button_submit frm_final_submit\" type=\"submit\"   formnovalidate=\"formnovalidate\">Senden<\/button>\r\n\r\n\r\n\r\n<\/div>\r\n<\/div>\n\t<input type=\"hidden\" name=\"item_key\" value=\"\" \/>\n\t\t\t<div id=\"frm_field_75_container\">\n\t\t\t<label for=\"field_n537v\" >\n\t\t\t\tFalls Du menschlich bist, lasse dieses Feld leer.\t\t\t<\/label>\n\t\t\t<input  id=\"field_n537v\" type=\"text\" class=\"frm_form_field form-field frm_verify\" name=\"item_meta[75]\" value=\"\"  \/>\n\t\t<\/div>\n\t\t<input name=\"frm_state\" type=\"hidden\" value=\"ePJrWj9pNdHI80d7v0UF0kFZrxl5W0sfIV5uhioHiYtMcuBPk0tTOyByA9lPur6K\" \/><\/div>\n<\/fieldset>\n<\/div>\n\n<\/form>\n<\/div>\n\t\t\t\t<\/div>\n\t\t\t\t<\/div>\n\t\t\t\t<div class=\"elementor-element elementor-element-7e0da5d elementor-widget elementor-widget-text-editor\" data-id=\"7e0da5d\" data-element_type=\"widget\" data-e-type=\"widget\" data-widget_type=\"text-editor.default\">\n\t\t\t\t\t\t\t\t\t<p class=\"p1\"><span class=\"s1\">Bitte kontrolliere auch deinen Spam-Ordner. Es k\u00f6nnte sein, dass meine Antwort versehentlich dort landet.<\/span><\/p>\t\t\t\t\t\t\t\t<\/div>\n\t\t\t\t<\/div>\n\t\t\t\t\t<\/div>\n\t\t\t\t<\/div>\n\t\t<div class=\"elementor-element elementor-element-e13388a e-flex e-con-boxed e-con e-parent\" data-id=\"e13388a\" data-element_type=\"container\" data-e-type=\"container\" data-settings=\"{&quot;background_background&quot;:&quot;classic&quot;,&quot;background_motion_fx_motion_fx_scrolling&quot;:&quot;yes&quot;,&quot;background_motion_fx_devices&quot;:[&quot;desktop&quot;,&quot;tablet&quot;,&quot;mobile&quot;]}\">\n\t\t\t\t\t<div class=\"e-con-inner\">\n\t\t<div class=\"elementor-element elementor-element-0f969ac e-con-full e-flex e-con e-child\" data-id=\"0f969ac\" data-element_type=\"container\" data-e-type=\"container\">\n\t\t<div class=\"elementor-element elementor-element-e24d3e7 e-con-full e-flex e-con e-child\" data-id=\"e24d3e7\" data-element_type=\"container\" data-e-type=\"container\" data-settings=\"{&quot;background_background&quot;:&quot;classic&quot;}\">\n\t\t\t\t<\/div>\n\t\t\t\t<\/div>\n\t\t\t\t\t<\/div>\n\t\t\t\t<\/div>\n\t\t<div class=\"elementor-element elementor-element-cd86492 e-flex e-con-boxed e-con e-parent\" data-id=\"cd86492\" data-element_type=\"container\" data-e-type=\"container\">\n\t\t\t\t\t<div class=\"e-con-inner\">\n\t\t<div class=\"elementor-element elementor-element-b891754 e-con-full e-flex e-con e-child\" data-id=\"b891754\" data-element_type=\"container\" data-e-type=\"container\">\n\t\t\t\t<div class=\"elementor-element elementor-element-0f260b0 elementor-widget elementor-widget-heading\" data-id=\"0f260b0\" data-element_type=\"widget\" data-e-type=\"widget\" data-widget_type=\"heading.default\">\n\t\t\t\t\t<h2 class=\"elementor-heading-title elementor-size-default\">Anfahrt zum Studio<\/h2>\t\t\t\t<\/div>\n\t\t\t\t<div class=\"elementor-element elementor-element-928099f elementor-widget elementor-widget-text-editor\" data-id=\"928099f\" data-element_type=\"widget\" data-e-type=\"widget\" data-widget_type=\"text-editor.default\">\n\t\t\t\t\t\t\t\t\t<p><span class=\"s1\">Das Fotostudio findest du unter folgender Adresse <a href=\"https:\/\/maps.app.goo.gl\/FyKNBpt9WsLtwxpJ6\" target=\"_blank\" rel=\"noopener\">(google.maps.link)<\/a>:<\/span><\/p>\n<p class=\"p3\"><span class=\"s2\">Christina Gaio Photography <\/span><span class=\"s1\"><br><\/span><span class=\"s2\">Rhombergstra\u00dfe 9<\/span><span class=\"s1\"><br><\/span><span class=\"s2\">A-6067 Absam<\/span><\/p>\n<p class=\"p4\"><span class=\"s1\">Das Fotostudio befindet sich im <b>3. Stock der ehemaligen Rhombergfabrik<\/b>. Das gro\u00dfe, vierst\u00f6ckige Geb\u00e4ude ist an der Stra\u00dfe durch eine auff\u00e4llige Werbetafel mit der Aufschrift<b> \u201eCreative Industries\u201c<\/b> gekennzeichnet. Das Haupteingangsportal liegt gut sichtbar an der Ostseite des Geb\u00e4udes, wo sich auch alle Firmenschilder befinden.<\/span><span class=\"s3\"><br><\/span><\/p>\n<p class=\"p5\"><span class=\"s1\"><b>Parken:<\/b><br><\/span><span style=\"background-color: transparent;\">Auf der Vorderseite und n\u00f6rdlich des Geb\u00e4udes stehen <\/span><span style=\"background-color: transparent;\">gen\u00fcgend kostenlose Parkpl\u00e4tze<\/span><span style=\"background-color: transparent;\"> zur Verf\u00fcgung.<\/span><\/p>\n<p class=\"p5\"><span class=\"s1\"><b>Mit dem Auto:<br><\/b><\/span><span style=\"background-color: transparent;\">Autobahnabfahrt <\/span><b style=\"background-color: transparent;\">Hall West<\/b><span style=\"background-color: transparent;\"> (von Westen kommend)<br><\/span><span style=\"background-color: transparent;\">Autobahnabfahrt <\/span><b style=\"background-color: transparent;\">Hall Mitte<\/b><span style=\"background-color: transparent;\"> (von Osten kommend)<\/span><\/p>\n<p class=\"p5\"><span class=\"s1\"><b>Mit dem Bus:<br><\/b><\/span><span style=\"background-color: transparent;\">Linie <\/span><b style=\"background-color: transparent;\">502<\/b><span style=\"background-color: transparent;\"> der IVB f\u00e4hrt direkt von Innsbruck Hauptbahnhof zum Fotostudio, Haltestelle hei\u00dft&nbsp;<\/span><span style=\"background-color: transparent;\">Eichat Melans.<br><\/span><span style=\"background-color: transparent;\">Alternativ Linie <\/span><b style=\"background-color: transparent;\">501<\/b><span style=\"background-color: transparent;\"> bis <\/span><span style=\"background-color: transparent;\">Absam Dorf<\/span><span style=\"background-color: transparent;\">, ca. 7 Minuten Fu\u00dfweg<\/span><\/p>\n<p class=\"p5\"><span class=\"s1\">Weitere Informationen findest du auf der Website der Innsbrucker Verkehrsbetriebe unter <a href=\"https:\/\/www.ivb.at\/\"><span class=\"s4\">www.ivb.at<\/span><\/a>.<\/span><\/p>\t\t\t\t\t\t\t\t<\/div>\n\t\t\t\t<\/div>\n\t\t<div class=\"elementor-element elementor-element-ed4acd7 e-con-full e-flex e-con e-child\" data-id=\"ed4acd7\" data-element_type=\"container\" data-e-type=\"container\">\n\t\t\t\t<div class=\"elementor-element elementor-element-aa10a37 elementor-widget elementor-widget-google_maps\" data-id=\"aa10a37\" data-element_type=\"widget\" data-e-type=\"widget\" data-widget_type=\"google_maps.default\">\n\t\t\t\t\t\t\t<div class=\"elementor-custom-embed\">\n\t\t\t<iframe loading=\"lazy\"\n\t\t\t\t\tsrc=\"https:\/\/maps.google.com\/maps?q=Christina%20Gaio&#038;t=m&#038;z=13&#038;output=embed&#038;iwloc=near\"\n\t\t\t\t\ttitle=\"Christina Gaio\"\n\t\t\t\t\taria-label=\"Christina Gaio\"\n\t\t\t><\/iframe>\n\t\t<\/div>\n\t\t\t\t\t\t<\/div>\n\t\t\t\t<\/div>\n\t\t\t\t\t<\/div>\n\t\t\t\t<\/div>\n\t\t\t\t<\/div>\n\t\t","protected":false},"excerpt":{"rendered":"<p>Kontakt und Anfahrt\u200b Du hast Fragen oder willst dich informieren? Christina Gaio Photography info@fotokurse-tirol.com Telefon: +43 650 3633220 Rhombergstra\u00dfe 9, 6067 Absam Kontaktformular Kontaktformular Dein Vor- und Nachname * Deine E-Mailadresse * Deine Nachricht * Datenschutz * Ich habe die Datenschutzerkl\u00e4rung gelesen und stimme dieser zu Senden Falls Du menschlich bist, lasse dieses Feld leer. [&hellip;]<\/p>\n","protected":false},"author":1,"featured_media":0,"parent":0,"menu_order":0,"comment_status":"closed","ping_status":"closed","template":"","meta":{"footnotes":""},"class_list":["post-32","page","type-page","status-publish","hentry"],"_links":{"self":[{"href":"https:\/\/dev.web-design.wien\/fotokurse\/wp-json\/wp\/v2\/pages\/32","targetHints":{"allow":["GET"]}}],"collection":[{"href":"https:\/\/dev.web-design.wien\/fotokurse\/wp-json\/wp\/v2\/pages"}],"about":[{"href":"https:\/\/dev.web-design.wien\/fotokurse\/wp-json\/wp\/v2\/types\/page"}],"author":[{"embeddable":true,"href":"https:\/\/dev.web-design.wien\/fotokurse\/wp-json\/wp\/v2\/users\/1"}],"replies":[{"embeddable":true,"href":"https:\/\/dev.web-design.wien\/fotokurse\/wp-json\/wp\/v2\/comments?post=32"}],"version-history":[{"count":119,"href":"https:\/\/dev.web-design.wien\/fotokurse\/wp-json\/wp\/v2\/pages\/32\/revisions"}],"predecessor-version":[{"id":2278,"href":"https:\/\/dev.web-design.wien\/fotokurse\/wp-json\/wp\/v2\/pages\/32\/revisions\/2278"}],"wp:attachment":[{"href":"https:\/\/dev.web-design.wien\/fotokurse\/wp-json\/wp\/v2\/media?parent=32"}],"curies":[{"name":"wp","href":"https:\/\/api.w.org\/{rel}","templated":true}]}}