{"id":36,"date":"2026-01-15T14:04:14","date_gmt":"2026-01-15T13:04:14","guid":{"rendered":"https:\/\/dev.web-design.wien\/fotokurse\/?page_id=36"},"modified":"2026-02-17T10:22:13","modified_gmt":"2026-02-17T09:22:13","slug":"impressum","status":"publish","type":"page","link":"https:\/\/dev.web-design.wien\/fotokurse\/impressum\/","title":{"rendered":"Impressum"},"content":{"rendered":"\t\t<div data-elementor-type=\"wp-page\" data-elementor-id=\"36\" class=\"elementor elementor-36\" data-elementor-post-type=\"page\">\n\t\t\t\t<div class=\"elementor-element elementor-element-3c6c171 e-flex e-con-boxed e-con e-parent\" data-id=\"3c6c171\" data-element_type=\"container\" data-e-type=\"container\">\n\t\t\t\t\t<div class=\"e-con-inner\">\n\t\t\t\t<div class=\"elementor-element elementor-element-0610024 elementor-widget elementor-widget-heading\" data-id=\"0610024\" data-element_type=\"widget\" data-e-type=\"widget\" data-widget_type=\"heading.default\">\n\t\t\t\t\t<h2 class=\"elementor-heading-title elementor-size-default\">Impressum<\/h2>\t\t\t\t<\/div>\n\t\t\t\t<div class=\"elementor-element elementor-element-f18d82b elementor-widget elementor-widget-text-editor\" data-id=\"f18d82b\" data-element_type=\"widget\" data-e-type=\"widget\" data-widget_type=\"text-editor.default\">\n\t\t\t\t\t\t\t\t\t<p><b>Christina Gaio Photography<\/b><b><br \/><\/b>Gesch\u00e4ftsf\u00fchrerin: Mag.a Christina Gaio<br \/>Meisterfotografin gem\u00e4\u00df \u00a7 94 Ziffer 20 GewO 1994<\/p><p><b>Anschrift:<\/b><b><br \/><\/b>Rhombergstra\u00dfe 9<br \/>A-6067 Absam<br \/>AUSTRIA<\/p><p><b>Tel.\/Phone:<\/b>\u00a0+43 650 3633220<br \/><b>E-Mail: <\/b><a href=\"mail: info@fotokurse-tirol.com\">info[at]fotokurse-tirol.com<\/a><br \/><b>Internet:\u00a0<\/b>https:\/\/www.fotokurse-tirol.com<\/p><p><b>UID-Nummer:<\/b> ATU68314219<\/p><p><a href=\"https:\/\/www.wkoecg.at\/Web\/Ecg.aspx?FirmaID=bedba908-6ae8-4b60-a409-1de87eb03b2d\" target=\"_blank\" rel=\"noopener\"><img decoding=\"async\" class=\"alignnone size-full wp-image-199\" src=\"http:\/\/new.fotokurse-tirol.com\/wp-content\/uploads\/2015\/09\/ecg.gif\" alt=\"ecg\" width=\"169\" height=\"23\" \/><\/a>\u00a0<\/p><p><a href=\"https:\/\/dev.web-design.wien\/fotokurse\/agbs\/\">Allgemeine Gesch\u00e4ftsbedingungen (AGB)<\/a><\/p>\t\t\t\t\t\t\t\t<\/div>\n\t\t\t\t\t<\/div>\n\t\t\t\t<\/div>\n\t\t\t\t<\/div>\n\t\t","protected":false},"excerpt":{"rendered":"<p>Impressum Christina Gaio PhotographyGesch\u00e4ftsf\u00fchrerin: Mag.a Christina GaioMeisterfotografin gem\u00e4\u00df \u00a7 94 Ziffer 20 GewO 1994 Anschrift:Rhombergstra\u00dfe 9A-6067 AbsamAUSTRIA Tel.\/Phone:\u00a0+43 650 3633220E-Mail: info[at]fotokurse-tirol.comInternet:\u00a0https:\/\/www.fotokurse-tirol.com UID-Nummer: ATU68314219 \u00a0 Allgemeine Gesch\u00e4ftsbedingungen (AGB)<\/p>\n","protected":false},"author":1,"featured_media":0,"parent":0,"menu_order":0,"comment_status":"closed","ping_status":"closed","template":"","meta":{"footnotes":""},"class_list":["post-36","page","type-page","status-publish","hentry"],"_links":{"self":[{"href":"https:\/\/dev.web-design.wien\/fotokurse\/wp-json\/wp\/v2\/pages\/36","targetHints":{"allow":["GET"]}}],"collection":[{"href":"https:\/\/dev.web-design.wien\/fotokurse\/wp-json\/wp\/v2\/pages"}],"about":[{"href":"https:\/\/dev.web-design.wien\/fotokurse\/wp-json\/wp\/v2\/types\/page"}],"author":[{"embeddable":true,"href":"https:\/\/dev.web-design.wien\/fotokurse\/wp-json\/wp\/v2\/users\/1"}],"replies":[{"embeddable":true,"href":"https:\/\/dev.web-design.wien\/fotokurse\/wp-json\/wp\/v2\/comments?post=36"}],"version-history":[{"count":22,"href":"https:\/\/dev.web-design.wien\/fotokurse\/wp-json\/wp\/v2\/pages\/36\/revisions"}],"predecessor-version":[{"id":2287,"href":"https:\/\/dev.web-design.wien\/fotokurse\/wp-json\/wp\/v2\/pages\/36\/revisions\/2287"}],"wp:attachment":[{"href":"https:\/\/dev.web-design.wien\/fotokurse\/wp-json\/wp\/v2\/media?parent=36"}],"curies":[{"name":"wp","href":"https:\/\/api.w.org\/{rel}","templated":true}]}}