{"id":385,"date":"2026-01-19T16:24:43","date_gmt":"2026-01-19T15:24:43","guid":{"rendered":"https:\/\/dev.web-design.wien\/fotokurse\/?page_id=385"},"modified":"2026-02-18T10:02:47","modified_gmt":"2026-02-18T09:02:47","slug":"warum-fotokurse-tirol","status":"publish","type":"page","link":"https:\/\/dev.web-design.wien\/fotokurse\/warum-fotokurse-tirol\/","title":{"rendered":"Warum Fotokurse Tirol?"},"content":{"rendered":"\t\t<div data-elementor-type=\"wp-page\" data-elementor-id=\"385\" class=\"elementor elementor-385\" data-elementor-post-type=\"page\">\n\t\t\t\t<div class=\"elementor-element elementor-element-3c119f14 e-flex e-con-boxed e-con e-parent\" data-id=\"3c119f14\" data-element_type=\"container\" data-e-type=\"container\" data-settings=\"{&quot;background_background&quot;:&quot;classic&quot;}\">\n\t\t\t\t\t<div class=\"e-con-inner\">\n\t\t\t\t\t<\/div>\n\t\t\t\t<\/div>\n\t\t<div class=\"elementor-element elementor-element-2cf793e e-flex e-con-boxed e-con e-parent\" data-id=\"2cf793e\" data-element_type=\"container\" data-e-type=\"container\">\n\t\t\t\t\t<div class=\"e-con-inner\">\n\t\t<div class=\"elementor-element elementor-element-bc95dc7 e-con-full e-flex e-con e-child\" data-id=\"bc95dc7\" data-element_type=\"container\" data-e-type=\"container\" data-settings=\"{&quot;background_background&quot;:&quot;classic&quot;}\">\n\t\t\t\t<div class=\"elementor-element elementor-element-80cb820 elementor-widget elementor-widget-heading\" data-id=\"80cb820\" data-element_type=\"widget\" data-e-type=\"widget\" data-widget_type=\"heading.default\">\n\t\t\t\t\t<h2 class=\"elementor-heading-title elementor-size-default\">Warum Fotokurse Tirol?<\/h2>\t\t\t\t<\/div>\n\t\t\t\t<div class=\"elementor-element elementor-element-bbff610 elementor-widget elementor-widget-heading\" data-id=\"bbff610\" data-element_type=\"widget\" data-e-type=\"widget\" data-widget_type=\"heading.default\">\n\t\t\t\t\t<h2 class=\"elementor-heading-title elementor-size-default\">Was den Unterschied ausmacht<\/h2>\t\t\t\t<\/div>\n\t\t\t\t<div class=\"elementor-element elementor-element-bddabd0 elementor-widget-divider--view-line elementor-widget elementor-widget-divider\" data-id=\"bddabd0\" data-element_type=\"widget\" data-e-type=\"widget\" data-widget_type=\"divider.default\">\n\t\t\t\t\t\t\t<div class=\"elementor-divider\">\n\t\t\t<span class=\"elementor-divider-separator\">\n\t\t\t\t\t\t<\/span>\n\t\t<\/div>\n\t\t\t\t\t\t<\/div>\n\t\t\t\t<\/div>\n\t\t\t\t<div class=\"elementor-element elementor-element-2f1a3d3 elementor-widget elementor-widget-text-editor\" data-id=\"2f1a3d3\" data-element_type=\"widget\" data-e-type=\"widget\" data-widget_type=\"text-editor.default\">\n\t\t\t\t\t\t\t\t\t<p><span class=\"s1\">Fotokurse Tirol stehen f\u00fcr praxisnahes Lernen, pers\u00f6nliche Betreuung und echte Begeisterung f\u00fcr Fotografie. In kleinen Gruppen, mit viel Erfahrung und einem klar aufgebauten Kurskonzept verbinde ich verst\u00e4ndliche Theorie mit gezielten Praxis\u00fcbungen. Der besondere Kursort und ausreichend Zeit f\u00fcr individuelle Fragen sorgen daf\u00fcr, dass nachhaltiges Lernen und Freude an der Fotografie im Mittelpunkt stehen.<\/span><\/p>\t\t\t\t\t\t\t\t<\/div>\n\t\t\t\t<div class=\"elementor-element elementor-element-9d44c91 elementor-widget elementor-widget-heading\" data-id=\"9d44c91\" data-element_type=\"widget\" data-e-type=\"widget\" data-widget_type=\"heading.default\">\n\t\t\t\t\t<h2 class=\"elementor-heading-title elementor-size-default\">Langj\u00e4hrige Unterrichtserfahrung \u2013 knapp 1.000 Kursteilnehmer:innen<\/h2>\t\t\t\t<\/div>\n\t\t\t\t<div class=\"elementor-element elementor-element-356f359 elementor-widget elementor-widget-text-editor\" data-id=\"356f359\" data-element_type=\"widget\" data-e-type=\"widget\" data-widget_type=\"text-editor.default\">\n\t\t\t\t\t\t\t\t\t<p class=\"p1\"><span class=\"s1\">Von 2010 bis M\u00e4rz 2020 unterrichtete ich gemeinsam mit dem Fotografen Harald Voglhuber die Fotokurse. Nach zehn erfolgreichen Jahren im Team zog sich mein Kollege aus der Fotografie zur\u00fcck. Seitdem leite ich die Kurse eigenst\u00e4ndig und werde bei gr\u00f6\u00dferen Gruppen von einem Assistenten unterst\u00fctzt.<\/span><\/p><p class=\"p1\"><span class=\"s1\">Durch diese langj\u00e4hrige Unterrichtserfahrung bin ich auf die unterschiedlichsten Fragen und Bed\u00fcrfnisse meiner Teilnehmenden vorbereitet und kann die Kursinhalte klar, praxisnah und verst\u00e4ndlich vermitteln.<\/span><\/p>\t\t\t\t\t\t\t\t<\/div>\n\t\t\t\t<div class=\"elementor-element elementor-element-c782b6d elementor-widget elementor-widget-heading\" data-id=\"c782b6d\" data-element_type=\"widget\" data-e-type=\"widget\" data-widget_type=\"heading.default\">\n\t\t\t\t\t<h2 class=\"elementor-heading-title elementor-size-default\">Intensive &amp; individuelle Betreuung<\/h2>\t\t\t\t<\/div>\n\t\t\t\t<div class=\"elementor-element elementor-element-210c75a elementor-widget elementor-widget-text-editor\" data-id=\"210c75a\" data-element_type=\"widget\" data-e-type=\"widget\" data-widget_type=\"text-editor.default\">\n\t\t\t\t\t\t\t\t\t<p class=\"p1\"><span class=\"s1\">Die maximale Gruppengr\u00f6\u00dfe von acht Teilnehmer:innen sowie die Unterst\u00fctzung durch einen Assistenten erm\u00f6glichen es mir, auf jede einzelne Frage gezielt einzugehen. Mein pers\u00f6nlicher Anspruch ist klar: Ich gehe erst dann nach Hause, wenn alle Fragen beantwortet und Unklarheiten beseitigt sind.<\/span><\/p>\t\t\t\t\t\t\t\t<\/div>\n\t\t\t\t<div class=\"elementor-element elementor-element-a0bfa28 elementor-widget elementor-widget-heading\" data-id=\"a0bfa28\" data-element_type=\"widget\" data-e-type=\"widget\" data-widget_type=\"heading.default\">\n\t\t\t\t\t<h2 class=\"elementor-heading-title elementor-size-default\">Meisterfotografin mit Praxisbezug<\/h2>\t\t\t\t<\/div>\n\t\t\t\t<div class=\"elementor-element elementor-element-815b480 elementor-widget elementor-widget-text-editor\" data-id=\"815b480\" data-element_type=\"widget\" data-e-type=\"widget\" data-widget_type=\"text-editor.default\">\n\t\t\t\t\t\t\t\t\t<p class=\"p1\"><span class=\"s1\">Als <b>ausgebildete Meisterfotografin<\/b> bin ich hauptberuflich in verschiedenen fotografischen Bereichen t\u00e4tig. Dadurch arbeite ich stets am Puls der Zeit, und meine Erkl\u00e4rungen basieren immer auf <b>konkreter Praxiserfahrung<\/b> \u2013 nicht auf grauer Theorie.<\/span><\/p>\t\t\t\t\t\t\t\t<\/div>\n\t\t\t\t<div class=\"elementor-element elementor-element-cd0749d elementor-widget elementor-widget-heading\" data-id=\"cd0749d\" data-element_type=\"widget\" data-e-type=\"widget\" data-widget_type=\"heading.default\">\n\t\t\t\t\t<h2 class=\"elementor-heading-title elementor-size-default\">Durchdachtes Kurskonzept &amp; hochwertige Unterlagen\n\n<\/h2>\t\t\t\t<\/div>\n\t\t\t\t<div class=\"elementor-element elementor-element-b51ad3f elementor-widget elementor-widget-text-editor\" data-id=\"b51ad3f\" data-element_type=\"widget\" data-e-type=\"widget\" data-widget_type=\"text-editor.default\">\n\t\t\t\t\t\t\t\t\t<p class=\"p1\"><span class=\"s1\">Mein Fotokurs basiert auf einem <b>bew\u00e4hrten und erprobten Kurskonzept<\/b>, bei dem die Inhalte logisch aufeinander aufbauen und m\u00f6glichst verst\u00e4ndlich vermittelt werden. Alle Teilnehmer:innen erhalten \u00fcbersichtliche Kursunterlagen, mit denen wir die theoretischen Grundlagen gemeinsam erarbeiten.<\/span><\/p><p class=\"p1\"><span class=\"s1\">Diese enthalten au\u00dferdem Beschreibungen zu allen praktischen \u00dcbungen \u2013 zum Mitlesen und Mitschreiben. Am Ende des Kurses erstellt jede:r Teilnehmende eine <b>pers\u00f6nliche Pr\u00e4sentationsmappe<\/b> mit den im Kurs entstandenen Bildern, die als <b>Nachschlagewerk <\/b>f\u00fcr zu Hause dient.<\/span><\/p>\t\t\t\t\t\t\t\t<\/div>\n\t\t\t\t<div class=\"elementor-element elementor-element-807639f elementor-widget elementor-widget-heading\" data-id=\"807639f\" data-element_type=\"widget\" data-e-type=\"widget\" data-widget_type=\"heading.default\">\n\t\t\t\t\t<h2 class=\"elementor-heading-title elementor-size-default\">Gezielte Praxis\u00fcbungen statt ziellosem Fotografieren<\/h2>\t\t\t\t<\/div>\n\t\t\t\t<div class=\"elementor-element elementor-element-807cf96 elementor-widget elementor-widget-text-editor\" data-id=\"807cf96\" data-element_type=\"widget\" data-e-type=\"widget\" data-widget_type=\"text-editor.default\">\n\t\t\t\t\t\t\t\t\t<p class=\"p1\"><span class=\"s1\">Anstatt \u201eeinfach nur\u201c in der Stadt oder Natur zu fotografieren, sind alle Kursinhalte in <b>konkrete, klar definierte Praxis\u00fcbungen<\/b> eingebettet. Diese werden an verschiedenen \u201eStationen\u201c im Studio durchgef\u00fchrt.<\/span><\/p><p class=\"p1\"><span class=\"s1\">Jede \u00dcbung wird zun\u00e4chst ausf\u00fchrlich erkl\u00e4rt. Anschlie\u00dfend hat jede:r Teilnehmer:in ausreichend Zeit, sich selbst mit dem Thema auseinanderzusetzen und die \u00dcbung umzusetzen. W\u00e4hrenddessen stehe ich jederzeit unterst\u00fctzend zur Seite.<\/span><\/p>\t\t\t\t\t\t\t\t<\/div>\n\t\t\t\t<div class=\"elementor-element elementor-element-3b6ee67 elementor-widget elementor-widget-heading\" data-id=\"3b6ee67\" data-element_type=\"widget\" data-e-type=\"widget\" data-widget_type=\"heading.default\">\n\t\t\t\t\t<h2 class=\"elementor-heading-title elementor-size-default\">Ausgewogener Mix aus Theorie &amp; Praxis\n\n<\/h2>\t\t\t\t<\/div>\n\t\t\t\t<div class=\"elementor-element elementor-element-680d57a elementor-widget elementor-widget-text-editor\" data-id=\"680d57a\" data-element_type=\"widget\" data-e-type=\"widget\" data-widget_type=\"text-editor.default\">\n\t\t\t\t\t\t\t\t\t<p class=\"p1\"><span class=\"s1\">Der Kurs startet mit einem <b>Theorieblock<\/b>, damit alle Teilnehmenden ihre Kamera und Objektive zun\u00e4chst gut kennenlernen. Erst wenn ein gemeinsames Grundverst\u00e4ndnis erreicht ist, arbeiten wir gezielt in der Praxis.<\/span><\/p><p class=\"p1\"><span class=\"s1\">Zu viel \u201eFachchinesisch\u201c wird bewusst vermieden. Dennoch sind bestimmte Grundbegriffe notwendig, um Zusammenh\u00e4nge zu verstehen und darauf aufbauen zu k\u00f6nnen. Der Schwerpunkt liegt klar auf der <b>praktischen Umsetzung<\/b>, denn echte Fragen entstehen erst durch eigenes Tun.<\/span><\/p>\t\t\t\t\t\t\t\t<\/div>\n\t\t\t\t<div class=\"elementor-element elementor-element-898b5fb elementor-widget elementor-widget-heading\" data-id=\"898b5fb\" data-element_type=\"widget\" data-e-type=\"widget\" data-widget_type=\"heading.default\">\n\t\t\t\t\t<h2 class=\"elementor-heading-title elementor-size-default\">Ein besonderer Kursort<\/h2>\t\t\t\t<\/div>\n\t\t\t\t<div class=\"elementor-element elementor-element-4c40bd5 elementor-widget elementor-widget-text-editor\" data-id=\"4c40bd5\" data-element_type=\"widget\" data-e-type=\"widget\" data-widget_type=\"text-editor.default\">\n\t\t\t\t\t\t\t\t\t<p class=\"p1\"><span class=\"s1\">Viele Teilnehmende betreten mein Fotostudio mit den Worten: <i>\u201eWas f\u00fcr ein sch\u00f6nes Geb\u00e4ude!\u201c<\/i><br \/>Der Kurs findet nicht in einem gesichtslosen B\u00fcrogeb\u00e4ude, sondern in einem <b>historischen Fabriksgeb\u00e4ude <\/b>aus dem Jahr 1850 statt, das durch seinen besonderen Charme und viel Atmosph\u00e4re \u00fcberzeugt.<\/span><\/p><p class=\"p1\"><span class=\"s1\">Der Standort ist nahe der Autobahn, \u00f6ffentlich gut erreichbar und dennoch mitten im Gr\u00fcnen gelegen. Kostenlose Parkpl\u00e4tze sind ausreichend vorhanden, und wir k\u00f6nnen uns im und rund um das Geb\u00e4ude frei bewegen.<\/span><\/p>\t\t\t\t\t\t\t\t<\/div>\n\t\t\t\t<div class=\"elementor-element elementor-element-3e5b93f elementor-widget elementor-widget-heading\" data-id=\"3e5b93f\" data-element_type=\"widget\" data-e-type=\"widget\" data-widget_type=\"heading.default\">\n\t\t\t\t\t<h2 class=\"elementor-heading-title elementor-size-default\">Engagement &amp; Begeisterung<\/h2>\t\t\t\t<\/div>\n\t\t\t\t<div class=\"elementor-element elementor-element-6f6ad83 elementor-widget elementor-widget-text-editor\" data-id=\"6f6ad83\" data-element_type=\"widget\" data-e-type=\"widget\" data-widget_type=\"text-editor.default\">\n\t\t\t\t\t\t\t\t\t<p class=\"p1\"><span class=\"s1\">Auch nach vielen Jahren der Unterrichtst\u00e4tigkeit habe ich immer wieder gro\u00dfe Freude daran, mein Wissen weiterzugeben. Die Begeisterung, die sich durch meine Kurse zieht, ist sp\u00fcrbar \u2013 auf beiden Seiten. Ich versuche, jeden Kurs zu etwas Besonderem zu machen. Das zeigt sich sp\u00e4testens bei unseren <b>kreativen und oft sehr witzigen <\/b><a href=\"http:\/\/www.fotokurse-tirol.com\/gruppenfotos\/\"><span class=\"s2\">Gruppenfotos.<\/span><\/a><\/span><\/p>\t\t\t\t\t\t\t\t<\/div>\n\t\t\t\t<div class=\"elementor-element elementor-element-9d21b79 elementor-widget elementor-widget-heading\" data-id=\"9d21b79\" data-element_type=\"widget\" data-e-type=\"widget\" data-widget_type=\"heading.default\">\n\t\t\t\t\t<h2 class=\"elementor-heading-title elementor-size-default\">100% Kundenzufriedenheit<\/h2>\t\t\t\t<\/div>\n\t\t\t\t<div class=\"elementor-element elementor-element-7a85d31 elementor-widget elementor-widget-text-editor\" data-id=\"7a85d31\" data-element_type=\"widget\" data-e-type=\"widget\" data-widget_type=\"text-editor.default\">\n\t\t\t\t\t\t\t\t\t<p class=\"p1\"><span class=\"s1\">Um meine Qualit\u00e4t laufend zu \u00fcberpr\u00fcfen, bitte ich meine Teilnehmer:innen am Kursende um Feedback zu Kursinhalt, Praxisbezug, Verst\u00e4ndlichkeit und Pr\u00e4sentation. Die vielen positiven R\u00fcckmeldungen motivieren mich, weiterhin mit gro\u00dfem Engagement zu unterrichten.<br \/>Das <strong>Feedback<\/strong> ist <a href=\"https:\/\/dev.web-design.wien\/fotokurse\/warum-fotokurse-tirol\/feedback\/\"><span class=\"s2\">hier<\/span><\/a><\/span><span class=\"s3\">\u00a0nachzulesen.<\/span><\/p>\t\t\t\t\t\t\t\t<\/div>\n\t\t\t\t<div class=\"elementor-element elementor-element-1709c7d elementor-cta--skin-classic elementor-animated-content elementor-bg-transform elementor-bg-transform-zoom-in elementor-widget elementor-widget-call-to-action\" data-id=\"1709c7d\" data-element_type=\"widget\" data-e-type=\"widget\" data-widget_type=\"call-to-action.default\">\n\t\t\t\t\t\t\t<div class=\"elementor-cta\">\n\t\t\t\t\t<div class=\"elementor-cta__bg-wrapper\">\n\t\t\t\t<div class=\"elementor-cta__bg elementor-bg\" style=\"background-image: url(https:\/\/dev.web-design.wien\/fotokurse\/wp-content\/uploads\/2026\/01\/Fotokurse-Tirol-Home-Banner-01-1024x207.jpg);\" role=\"img\" aria-label=\"Fotokurse-Tirol-Home-Banner-01\"><\/div>\n\t\t\t\t<div class=\"elementor-cta__bg-overlay\"><\/div>\n\t\t\t<\/div>\n\t\t\t\t\t\t\t<div class=\"elementor-cta__content\">\n\t\t\t\t\n\t\t\t\t\t\t\t\t\t<h2 class=\"elementor-cta__title elementor-cta__content-item elementor-content-item\">\n\t\t\t\t\t\tBringe dein Fotowissen auf das n\u00e4chste Level! \t\t\t\t\t<\/h2>\n\t\t\t\t\n\t\t\t\t\n\t\t\t\t\t\t\t\t\t<div class=\"elementor-cta__button-wrapper elementor-cta__content-item elementor-content-item \">\n\t\t\t\t\t<a class=\"elementor-cta__button elementor-button elementor-size-\" href=\"https:\/\/dev.web-design.wien\/fotokurse\/anmeldung-und-gutscheine\/\">\n\t\t\t\t\t\tJetzt anmelden\t\t\t\t\t<\/a>\n\t\t\t\t\t<\/div>\n\t\t\t\t\t\t\t<\/div>\n\t\t\t\t\t\t<\/div>\n\t\t\t\t\t\t<\/div>\n\t\t\t\t\t<\/div>\n\t\t\t\t<\/div>\n\t\t\t\t<\/div>\n\t\t","protected":false},"excerpt":{"rendered":"<p>Warum Fotokurse Tirol? Was den Unterschied ausmacht Fotokurse Tirol stehen f\u00fcr praxisnahes Lernen, pers\u00f6nliche Betreuung und echte Begeisterung f\u00fcr Fotografie. In kleinen Gruppen, mit viel Erfahrung und einem klar aufgebauten Kurskonzept verbinde ich verst\u00e4ndliche Theorie mit gezielten Praxis\u00fcbungen. Der besondere Kursort und ausreichend Zeit f\u00fcr individuelle Fragen sorgen daf\u00fcr, dass nachhaltiges Lernen und Freude an [&hellip;]<\/p>\n","protected":false},"author":3,"featured_media":0,"parent":0,"menu_order":0,"comment_status":"closed","ping_status":"closed","template":"","meta":{"footnotes":""},"class_list":["post-385","page","type-page","status-publish","hentry"],"_links":{"self":[{"href":"https:\/\/dev.web-design.wien\/fotokurse\/wp-json\/wp\/v2\/pages\/385","targetHints":{"allow":["GET"]}}],"collection":[{"href":"https:\/\/dev.web-design.wien\/fotokurse\/wp-json\/wp\/v2\/pages"}],"about":[{"href":"https:\/\/dev.web-design.wien\/fotokurse\/wp-json\/wp\/v2\/types\/page"}],"author":[{"embeddable":true,"href":"https:\/\/dev.web-design.wien\/fotokurse\/wp-json\/wp\/v2\/users\/3"}],"replies":[{"embeddable":true,"href":"https:\/\/dev.web-design.wien\/fotokurse\/wp-json\/wp\/v2\/comments?post=385"}],"version-history":[{"count":120,"href":"https:\/\/dev.web-design.wien\/fotokurse\/wp-json\/wp\/v2\/pages\/385\/revisions"}],"predecessor-version":[{"id":2503,"href":"https:\/\/dev.web-design.wien\/fotokurse\/wp-json\/wp\/v2\/pages\/385\/revisions\/2503"}],"wp:attachment":[{"href":"https:\/\/dev.web-design.wien\/fotokurse\/wp-json\/wp\/v2\/media?parent=385"}],"curies":[{"name":"wp","href":"https:\/\/api.w.org\/{rel}","templated":true}]}}