{"id":848,"date":"2026-01-22T14:38:02","date_gmt":"2026-01-22T13:38:02","guid":{"rendered":"https:\/\/dev.web-design.wien\/fotokurse\/?page_id=848"},"modified":"2026-01-22T16:29:42","modified_gmt":"2026-01-22T15:29:42","slug":"anmeldung-und-gutscheine","status":"publish","type":"page","link":"https:\/\/dev.web-design.wien\/fotokurse\/anmeldung-und-gutscheine\/","title":{"rendered":"Anmeldung und Gutscheine"},"content":{"rendered":"\t\t<div data-elementor-type=\"wp-page\" data-elementor-id=\"848\" class=\"elementor elementor-848\" data-elementor-post-type=\"page\">\n\t\t\t\t<div class=\"elementor-element elementor-element-aaa04ed e-flex e-con-boxed e-con e-parent\" data-id=\"aaa04ed\" data-element_type=\"container\" data-e-type=\"container\">\n\t\t\t\t\t<div class=\"e-con-inner\">\n\t\t\t\t<div class=\"elementor-element elementor-element-0b1b074 elementor-widget elementor-widget-heading\" data-id=\"0b1b074\" data-element_type=\"widget\" data-e-type=\"widget\" data-widget_type=\"heading.default\">\n\t\t\t\t\t<h2 class=\"elementor-heading-title elementor-size-default\">Anmeldung und Gutscheine<\/h2>\t\t\t\t<\/div>\n\t\t\t\t<div class=\"elementor-element elementor-element-24455b7 elementor-widget elementor-widget-formidable\" data-id=\"24455b7\" data-element_type=\"widget\" data-e-type=\"widget\" data-widget_type=\"formidable.default\">\n\t\t\t\t<div class=\"elementor-widget-container\">\n\t\t\t\t\t<div class=\"frm_forms  with_frm_style frm_style_formidable-stil\" id=\"frm_form_2_container\" data-token=\"ab7c0566bdcb04dfc6834a6f0796bafc\">\n<form enctype=\"multipart\/form-data\" method=\"post\" class=\"frm-show-form  frm_pro_form  frm_slidein \" id=\"form_buchungsformular\" data-token=\"ab7c0566bdcb04dfc6834a6f0796bafc\">\n<div class=\"frm_form_fields  frm_page_num_1\">\n<fieldset>\n<legend class=\"frm_screen_reader\">Buchungsformular<\/legend>\r\n\r\n<div class=\"frm_fields_container\">\n<div class=\"frm_rootline_group\" role=\"group\" tabindex=\"0\" aria-label=\"Seite 1 von 3\" ><ul class=\"frm_page_bar frm_rootline_3 frm_rootline frm_rootline_line  frm_show_lines frm_show_titles\"><li class=\"frm_rootline_single frm_current_page\"><input type=\"button\" value=\"1\" data-page=\"\" class=\" frm_page_1\" aria-disabled=\"true\" data-field=\"0\" aria-label=\"Kurs W\u00e4hlen\"  \/><span class=\"frm_rootline_title\">Kurs W\u00e4hlen<\/span><\/li><li class=\"frm_rootline_single\"><input type=\"button\" value=\"2\" data-page=\"11\" class=\"frm_page_skip frm_page_2\" data-field=\"52\" aria-label=\"Pers\u00f6nliche Daten\"  \/><span class=\"frm_rootline_title\">Pers\u00f6nliche Daten<\/span><\/li><li class=\"frm_rootline_single\"><input type=\"button\" value=\"3\" data-page=\"52\" class=\"frm_page_skip frm_page_3\" data-field=\"54\" aria-label=\"Abschluss\"  \/><span class=\"frm_rootline_title\">Abschluss<\/span><\/li><\/ul><div class=\"frm_clearfix\"><\/div><\/div><input type=\"hidden\" name=\"frm_action\" value=\"create\" \/>\n<input type=\"hidden\" name=\"form_id\" value=\"2\" \/>\n<input type=\"hidden\" name=\"frm_hide_fields_2\" id=\"frm_hide_fields_2\" value=\"\" \/>\n<input type=\"hidden\" name=\"form_key\" value=\"buchungsformular\" \/>\n<input type=\"hidden\" name=\"item_meta[0]\" value=\"\" \/>\n<input type=\"hidden\" id=\"frm_submit_entry_2\" name=\"frm_submit_entry_2\" value=\"339722d07e\" \/><input type=\"hidden\" name=\"_wp_http_referer\" value=\"\/fotokurse\/wp-json\/wp\/v2\/pages\/848\" \/><div id=\"frm_field_8_container\" class=\"frm_form_field frm_section_heading form-field \">\r\n<h3 class=\"frm_pos_top frm_section_spacing\">W\u00e4hlen Sie Ihren gew\u00fcnschten Kurs oder Gutschein<\/h3>\r\n\r\n\r\n<div id=\"frm_field_7_container\" class=\"frm_form_field form-field  frm_required_field frm_top_container\">\r\n\t<label for=\"field_k8k3e\" id=\"field_k8k3e_label\" class=\"frm_primary_label\">Anmeldung bzw. Gutschein f\u00fcr:\r\n\t\t<span class=\"frm_required\" aria-hidden=\"true\">*<\/span>\r\n\t<\/label>\r\n\t\t\t<select name=\"item_meta[7]\" id=\"field_k8k3e\"  data-sectionid=\"8\"  data-reqmsg=\"Anmeldung bzw. Gutschein f\u00fcr: kann nicht leer sein.\" aria-required=\"true\" data-invmsg=\"Anmeldung bzw. Gutschein f\u00fcr: ist ung\u00fcltig\" aria-invalid=\"false\"  >\n\t\t<option  value=\"\" selected='selected'> <\/option><option  value=\"Grundlagen der digitalen Fotografie | 20. - 22. Februar 2026\">Grundlagen der digitalen Fotografie | 20. - 22. Februar 2026<\/option><option  value=\"Bildbearbeitung mit Adobe Lightroom | 28. Februar 2026\">Bildbearbeitung mit Adobe Lightroom | 28. Februar 2026<\/option><option  value=\"Grundlagen der digitalen Fotografie | 20. - 22. M\u00e4rz 2026\">Grundlagen der digitalen Fotografie | 20. - 22. M\u00e4rz 2026<\/option><option  value=\"Gutschein Grundlagenkurs | Termin frei w\u00e4hlbar\">Gutschein Grundlagenkurs | Termin frei w\u00e4hlbar<\/option><option  value=\"Gutschein Bildbearbeitungskurs | Termin frei w\u00e4hlbar\">Gutschein Bildbearbeitungskurs | Termin frei w\u00e4hlbar<\/option><option  value=\"Gutschein individuelle Schulung | Termin frei w\u00e4hlbar\">Gutschein individuelle Schulung | Termin frei w\u00e4hlbar<\/option>\t<\/select>\n\t\r\n\t<div class=\"frm_description\" id=\"frm_desc_field_k8k3e\">Bitte w\u00e4hlen Sie hier Ihren Kurs oder Gutschein.<\/div>\r\n\t\r\n<\/div>\n<div id=\"frm_field_10_container\" class=\"frm_form_field  frm_html_container form-field\">Bei Gutscheinen ist der Termin vom Beschenkten frei w\u00e4hlbar. Der Kursplatz sollte nach Geschenk\u00fcbergabe allerdings fr\u00fchzeitig reserviert werden, damit die Teilnahme beim Wunschtermin gesichert ist!<\/div>\n<div id=\"frm_field_30_container\" class=\"frm_form_field form-field  frm_top_container\">\r\n\t<label for=\"field_y0iqv\" id=\"field_y0iqv_label\" class=\"frm_primary_label\">Wann planen Sie den Gutschein zu verschenken? \r\n\t\t<span class=\"frm_required\" aria-hidden=\"true\"><\/span>\r\n\t<\/label>\r\n\t<input  type=\"text\" id=\"field_y0iqv\" name=\"item_meta[30]\" value=\"\"  data-sectionid=\"8\"  data-invmsg=\"Wann planen Sie den Gutschein zu verschenken?  ist ung\u00fcltig\" aria-invalid=\"false\"   aria-describedby=\"frm_desc_field_y0iqv\" \/>\r\n\t<div class=\"frm_description\" id=\"frm_desc_field_y0iqv\">Ich kontaktiere die beschenkte Person m\u00f6glicherweise per E-Mail, damit ich sie \u00fcber freie Kurspl\u00e4tze informiere. Ich m\u00f6chte jedoch nicht schreiben, bevor Sie den Gutschein verschenkt haben. <\/div>\r\n\t\r\n<\/div>\n<\/div>\n<input type=\"hidden\" name=\"frm_page_order_2\" id=\"frm_page_order_2\" value=\"11\" \/><input type=\"hidden\" name=\"item_meta[11]\" id=\"field_7ibgx\" value=\"\"     \/>\n<input type=\"hidden\" name=\"item_meta[13]\" id=\"field_b79rt\" value=\"\"  data-sectionid=\"11\"     \/>\n<input type=\"hidden\" name=\"item_meta[15]\" id=\"field_gdefn\" value=\"\"  data-sectionid=\"11\"     \/>\n<input type=\"hidden\" name=\"item_meta[14]\" id=\"field_1cx9t\" value=\"\"  data-sectionid=\"11\"     \/>\n<input type=\"hidden\" name=\"item_meta[16]\" id=\"field_ub06s\" value=\"\"  data-sectionid=\"11\"  autocomplete=\"email\"     \/>\n<input type=\"hidden\" name=\"item_meta[18]\" id=\"field_zj6ib\" value=\"\"  data-sectionid=\"11\"     \/>\n<input type=\"hidden\" name=\"item_meta[20]\" id=\"field_u2tzu\" value=\"\"  data-sectionid=\"11\"     \/>\n<input type=\"hidden\" name=\"item_meta[21]\" id=\"field_h2407\" value=\"\"  data-sectionid=\"11\"     \/>\n<input type=\"hidden\" name=\"item_meta[22]\" id=\"field_kkc2m\" value=\"\"  data-sectionid=\"11\"     \/>\n<input type=\"hidden\" name=\"item_meta[23]\" id=\"field_rjsf0\" value=\"\"  data-sectionid=\"11\"     \/>\n<input type=\"hidden\" name=\"item_meta[25]\" id=\"field_nnfh7\" value=\"\"  data-sectionid=\"11\"     \/>\n<input type=\"hidden\" name=\"item_meta[26]\" id=\"field_t8pfz\" value=\"\"  data-sectionid=\"11\"     \/>\n<input type=\"hidden\" name=\"item_meta[27]\" id=\"field_suhz4\" value=\"\"  data-sectionid=\"11\"     \/>\n<input type=\"hidden\" name=\"item_meta[28]\" id=\"field_zre2\" value=\"\"  data-sectionid=\"11\"     \/>\n<input type=\"hidden\" name=\"item_meta[29]\" id=\"field_wi71h-0\" value=\"\"  data-sectionid=\"11\"     \/>\n<input type=\"hidden\" name=\"item_meta[12]\" id=\"field_odcta\" value=\"\"     \/>\n<input type=\"hidden\" name=\"item_meta[53]\" id=\"field_lxjrc\" value=\"\"     \/>\n<input type=\"hidden\" name=\"item_meta[31]\" id=\"field_ho0ky\" value=\"\"     \/>\n<input type=\"hidden\" name=\"item_meta[32]\" id=\"field_qeu9h\" value=\"\"  data-sectionid=\"31\"     \/>\n<input type=\"hidden\" name=\"item_meta[33]\" id=\"field_duh6x\" value=\"\"  data-sectionid=\"31\"     \/>\n<input type=\"hidden\" name=\"item_meta[35]\" id=\"field_p3i78\" value=\"\"  data-sectionid=\"31\"  autocomplete=\"email\"     \/>\n<input type=\"hidden\" name=\"item_meta[36]\" id=\"field_lx5j2\" value=\"\"  data-sectionid=\"31\"     \/>\n<input type=\"hidden\" name=\"item_meta[37]\" id=\"field_d5248\" value=\"\"  data-sectionid=\"31\"     \/>\n<input type=\"hidden\" name=\"item_meta[38]\" id=\"field_vd4ra\" value=\"\"  data-sectionid=\"31\"     \/>\n<input type=\"hidden\" name=\"item_meta[39]\" id=\"field_y1jzn\" value=\"\"  data-sectionid=\"31\"     \/>\n<input type=\"hidden\" name=\"item_meta[40]\" id=\"field_t7g53\" value=\"\"  data-sectionid=\"31\"     \/>\n<input type=\"hidden\" name=\"item_meta[46]\" id=\"field_csflr\" value=\"\"     \/>\n<input type=\"hidden\" name=\"item_meta[54]\" id=\"field_18sn6\" value=\"\"     \/>\n<input type=\"hidden\" name=\"item_meta[47]\" id=\"field_qtn4t\" value=\"\"     \/>\n<input type=\"hidden\" name=\"item_meta[49]\" id=\"field_qpybj-0\" value=\"\"  data-sectionid=\"47\"     \/>\n<input type=\"hidden\" name=\"item_meta[50]\" id=\"field_k25kv-0\" value=\"\"  data-sectionid=\"47\"     \/>\n<input type=\"hidden\" name=\"item_meta[51]\" id=\"field_c16lx-0\" value=\"\"  data-sectionid=\"47\"     \/>\n<input type=\"hidden\" name=\"item_meta[73]\" id=\"field_3fdhh-0\" value=\"\"  data-sectionid=\"47\"     \/>\n<input type=\"hidden\" name=\"item_meta[74]\" id=\"field_yxm4u-0\" value=\"\"  data-sectionid=\"47\"     \/>\n<input type=\"hidden\" name=\"item_meta[48]\" id=\"field_yzugm\" value=\"\"     \/>\n<input type=\"hidden\" name=\"item_meta[6]\" id=\"field_senden\" value=\"\"     \/>\n\t<input type=\"hidden\" name=\"item_key\" value=\"\" \/>\n\t\t\t<div id=\"frm_field_75_container\">\n\t\t\t<label for=\"field_4l547\" >\n\t\t\t\tFalls Du menschlich bist, lasse dieses Feld leer.\t\t\t<\/label>\n\t\t\t<input  id=\"field_4l547\" type=\"text\" class=\"frm_form_field form-field frm_verify\" name=\"item_meta[75]\" value=\"\"  \/>\n\t\t<\/div>\n\t\t<input name=\"frm_state\" type=\"hidden\" value=\"ePJrWj9pNdHI80d7v0UF0qDaX3lMhy\/10scZYSqCwaZcxW0Y1lLAri9RUrZfCCqe\" \/><div class=\"frm_submit frm_flex\">\r\n<button class=\"frm_button_submit\" type=\"submit\"  >N\u00e4chster Schritt<\/button>\r\n\r\n\r\n\r\n<\/div><\/div>\n<\/fieldset>\n<\/div>\n\n<\/form>\n<\/div>\n\t\t\t\t<\/div>\n\t\t\t\t<\/div>\n\t\t\t\t\t<\/div>\n\t\t\t\t<\/div>\n\t\t\t\t<\/div>\n\t\t","protected":false},"excerpt":{"rendered":"<p>Anmeldung und Gutscheine Buchungsformular Kurs W\u00e4hlen Pers\u00f6nliche Daten Abschluss W\u00e4hlen Sie Ihren Gew\u00fcnschten Kurs oder Gutschein Anmeldung bzw. Gutschein f\u00fcr: * Grundlagen der digitalen Fotografie | 20. &#8211; 22. Februar 2026Bildbearbeitung mit Adobe Lightroom | 28. Februar 2026Grundlagen der digitalen Fotografie | 20. &#8211; 22. M\u00e4rz 2026Gutschein Grundlagenkurs | Termin frei w\u00e4hlbarGutschein Bildbearbeitungskurs | Termin [&hellip;]<\/p>\n","protected":false},"author":1,"featured_media":0,"parent":0,"menu_order":0,"comment_status":"closed","ping_status":"closed","template":"","meta":{"footnotes":""},"class_list":["post-848","page","type-page","status-publish","hentry"],"_links":{"self":[{"href":"https:\/\/dev.web-design.wien\/fotokurse\/wp-json\/wp\/v2\/pages\/848","targetHints":{"allow":["GET"]}}],"collection":[{"href":"https:\/\/dev.web-design.wien\/fotokurse\/wp-json\/wp\/v2\/pages"}],"about":[{"href":"https:\/\/dev.web-design.wien\/fotokurse\/wp-json\/wp\/v2\/types\/page"}],"author":[{"embeddable":true,"href":"https:\/\/dev.web-design.wien\/fotokurse\/wp-json\/wp\/v2\/users\/1"}],"replies":[{"embeddable":true,"href":"https:\/\/dev.web-design.wien\/fotokurse\/wp-json\/wp\/v2\/comments?post=848"}],"version-history":[{"count":22,"href":"https:\/\/dev.web-design.wien\/fotokurse\/wp-json\/wp\/v2\/pages\/848\/revisions"}],"predecessor-version":[{"id":956,"href":"https:\/\/dev.web-design.wien\/fotokurse\/wp-json\/wp\/v2\/pages\/848\/revisions\/956"}],"wp:attachment":[{"href":"https:\/\/dev.web-design.wien\/fotokurse\/wp-json\/wp\/v2\/media?parent=848"}],"curies":[{"name":"wp","href":"https:\/\/api.w.org\/{rel}","templated":true}]}}