{"id":986,"date":"2026-01-22T16:46:23","date_gmt":"2026-01-22T15:46:23","guid":{"rendered":"https:\/\/dev.web-design.wien\/fotokurse\/?page_id=986"},"modified":"2026-02-18T10:13:10","modified_gmt":"2026-02-18T09:13:10","slug":"tipps-tricks","status":"publish","type":"page","link":"https:\/\/dev.web-design.wien\/fotokurse\/tipps-tricks\/","title":{"rendered":"Tipps &#038; Tricks"},"content":{"rendered":"\t\t<div data-elementor-type=\"wp-page\" data-elementor-id=\"986\" class=\"elementor elementor-986\" data-elementor-post-type=\"page\">\n\t\t\t\t<div class=\"elementor-element elementor-element-62212aea e-flex e-con-boxed e-con e-parent\" data-id=\"62212aea\" data-element_type=\"container\" data-e-type=\"container\">\n\t\t\t\t\t<div class=\"e-con-inner\">\n\t\t\t\t<div class=\"elementor-element elementor-element-40e0b6a2 elementor-widget elementor-widget-heading\" data-id=\"40e0b6a2\" data-element_type=\"widget\" data-e-type=\"widget\" data-widget_type=\"heading.default\">\n\t\t\t\t\t<h2 class=\"elementor-heading-title elementor-size-default\">Tipps &amp; Tricks<\/h2>\t\t\t\t<\/div>\n\t\t\t\t<div class=\"elementor-element elementor-element-3347a2a1 elementor-widget elementor-widget-text-editor\" data-id=\"3347a2a1\" data-element_type=\"widget\" data-e-type=\"widget\" data-widget_type=\"text-editor.default\">\n\t\t\t\t\t\t\t\t\t<p>Hier findest du hilfreiche Blogbeitr\u00e4ge rund um die Wahl und den Einsatz von Kamera, Objektiv und Zubeh\u00f6r. Hier teile ich praxisnahe Tipps und Erfahrungen aus dem Fotografenalltag, die dir helfen sollen, Fehlk\u00e4ufe zu vermeiden und das Beste aus deinem Equipment herauszuholen. Au\u00dferdem erkl\u00e4re ich, welchen Vorteil das Fotografieren im <strong data-start=\"251\" data-end=\"265\">RAW-Format<\/strong> bringt und warum es f\u00fcr viele Aufnahmesituationen die bessere Wahl ist.<\/p>\t\t\t\t\t\t\t\t<\/div>\n\t\t\t\t<div class=\"elementor-element elementor-element-1ee2e48d elementor-grid-3 elementor-grid-tablet-2 elementor-grid-mobile-1 elementor-posts--thumbnail-top elementor-card-shadow-yes elementor-posts__hover-gradient elementor-widget elementor-widget-posts\" data-id=\"1ee2e48d\" data-element_type=\"widget\" data-e-type=\"widget\" data-settings=\"{&quot;cards_columns&quot;:&quot;3&quot;,&quot;cards_columns_tablet&quot;:&quot;2&quot;,&quot;cards_columns_mobile&quot;:&quot;1&quot;,&quot;cards_row_gap&quot;:{&quot;unit&quot;:&quot;px&quot;,&quot;size&quot;:35,&quot;sizes&quot;:[]},&quot;cards_row_gap_tablet&quot;:{&quot;unit&quot;:&quot;px&quot;,&quot;size&quot;:&quot;&quot;,&quot;sizes&quot;:[]},&quot;cards_row_gap_mobile&quot;:{&quot;unit&quot;:&quot;px&quot;,&quot;size&quot;:&quot;&quot;,&quot;sizes&quot;:[]}}\" data-widget_type=\"posts.cards\">\n\t\t\t\t<div class=\"elementor-widget-container\">\n\t\t\t\t\t\t\t<div class=\"elementor-posts-container elementor-posts elementor-posts--skin-cards elementor-grid\" role=\"list\">\n\t\t\t\t<article class=\"elementor-post elementor-grid-item post-559 post type-post status-publish format-standard has-post-thumbnail hentry category-allgemein\" role=\"listitem\">\n\t\t\t<div class=\"elementor-post__card\">\n\t\t\t\t<a class=\"elementor-post__thumbnail__link\" href=\"https:\/\/dev.web-design.wien\/fotokurse\/2026\/01\/20\/tipps-zu-stativen\/\" tabindex=\"-1\" ><div class=\"elementor-post__thumbnail\"><img fetchpriority=\"high\" decoding=\"async\" width=\"768\" height=\"512\" src=\"https:\/\/dev.web-design.wien\/fotokurse\/wp-content\/uploads\/2026\/01\/fotokurs-fotoworkshop-tirol-03.-November-2013DSC_2371-Bearbeitet-768x512.jpg\" class=\"attachment-medium_large size-medium_large wp-image-573\" alt=\"fotokurs-fotoworkshop-tirol-innsbruck\" srcset=\"https:\/\/dev.web-design.wien\/fotokurse\/wp-content\/uploads\/2026\/01\/fotokurs-fotoworkshop-tirol-03.-November-2013DSC_2371-Bearbeitet-768x512.jpg 768w, https:\/\/dev.web-design.wien\/fotokurse\/wp-content\/uploads\/2026\/01\/fotokurs-fotoworkshop-tirol-03.-November-2013DSC_2371-Bearbeitet-300x200.jpg 300w, https:\/\/dev.web-design.wien\/fotokurse\/wp-content\/uploads\/2026\/01\/fotokurs-fotoworkshop-tirol-03.-November-2013DSC_2371-Bearbeitet-1024x683.jpg 1024w, https:\/\/dev.web-design.wien\/fotokurse\/wp-content\/uploads\/2026\/01\/fotokurs-fotoworkshop-tirol-03.-November-2013DSC_2371-Bearbeitet-1536x1024.jpg 1536w, https:\/\/dev.web-design.wien\/fotokurse\/wp-content\/uploads\/2026\/01\/fotokurs-fotoworkshop-tirol-03.-November-2013DSC_2371-Bearbeitet.jpg 1920w\" sizes=\"(max-width: 768px) 100vw, 768px\" \/><\/div><\/a>\n\t\t\t\t<div class=\"elementor-post__badge\">Allgemein<\/div>\n\t\t\t\t<div class=\"elementor-post__text\">\n\t\t\t\t<h3 class=\"elementor-post__title\">\n\t\t\t<a href=\"https:\/\/dev.web-design.wien\/fotokurse\/2026\/01\/20\/tipps-zu-stativen\/\" >\n\t\t\t\tTipps zu Stativen\t\t\t<\/a>\n\t\t<\/h3>\n\t\t\t\t<div class=\"elementor-post__excerpt\">\n\t\t\t<p>Grunds\u00e4tzliches Ich empfehle ein stabiles Stativ zu verwenden, das zu den eigenen Anforderungen und zum Kameraequipment passt.Nicht empfehlenswert sind sehr g\u00fcnstige \u201eVideostative\u201c, bei denen&nbsp;man den<\/p>\n\t\t<\/div>\n\t\t\n\t\t<a class=\"elementor-post__read-more\" href=\"https:\/\/dev.web-design.wien\/fotokurse\/2026\/01\/20\/tipps-zu-stativen\/\" aria-label=\"Mehr \u00fcber Tipps zu Stativen\" tabindex=\"-1\" >\n\t\t\tWeiterlesen \u00bb\t\t<\/a>\n\n\t\t\t\t<\/div>\n\t\t\t\t\t<\/div>\n\t\t<\/article>\n\t\t\t\t<article class=\"elementor-post elementor-grid-item post-575 post type-post status-publish format-standard has-post-thumbnail hentry category-allgemein\" role=\"listitem\">\n\t\t\t<div class=\"elementor-post__card\">\n\t\t\t\t<a class=\"elementor-post__thumbnail__link\" href=\"https:\/\/dev.web-design.wien\/fotokurse\/2026\/01\/20\/tipps-zum-kamerakauf\/\" tabindex=\"-1\" ><div class=\"elementor-post__thumbnail\"><img decoding=\"async\" width=\"768\" height=\"512\" src=\"https:\/\/dev.web-design.wien\/fotokurse\/wp-content\/uploads\/2026\/01\/fotokurs-fotoworkshop-tirol-14.-Mai-2017Hassi-Lift-2-768x512.jpg\" class=\"attachment-medium_large size-medium_large wp-image-576\" alt=\"fotokurs-fotoworkshop-grundlagen-fotografie-tirol-innsbruck\" srcset=\"https:\/\/dev.web-design.wien\/fotokurse\/wp-content\/uploads\/2026\/01\/fotokurs-fotoworkshop-tirol-14.-Mai-2017Hassi-Lift-2-768x512.jpg 768w, https:\/\/dev.web-design.wien\/fotokurse\/wp-content\/uploads\/2026\/01\/fotokurs-fotoworkshop-tirol-14.-Mai-2017Hassi-Lift-2-300x200.jpg 300w, https:\/\/dev.web-design.wien\/fotokurse\/wp-content\/uploads\/2026\/01\/fotokurs-fotoworkshop-tirol-14.-Mai-2017Hassi-Lift-2-1024x683.jpg 1024w, https:\/\/dev.web-design.wien\/fotokurse\/wp-content\/uploads\/2026\/01\/fotokurs-fotoworkshop-tirol-14.-Mai-2017Hassi-Lift-2-1536x1024.jpg 1536w, https:\/\/dev.web-design.wien\/fotokurse\/wp-content\/uploads\/2026\/01\/fotokurs-fotoworkshop-tirol-14.-Mai-2017Hassi-Lift-2.jpg 1920w\" sizes=\"(max-width: 768px) 100vw, 768px\" \/><\/div><\/a>\n\t\t\t\t<div class=\"elementor-post__badge\">Allgemein<\/div>\n\t\t\t\t<div class=\"elementor-post__text\">\n\t\t\t\t<h3 class=\"elementor-post__title\">\n\t\t\t<a href=\"https:\/\/dev.web-design.wien\/fotokurse\/2026\/01\/20\/tipps-zum-kamerakauf\/\" >\n\t\t\t\tTipps zum Kamerakauf\t\t\t<\/a>\n\t\t<\/h3>\n\t\t\t\t<div class=\"elementor-post__excerpt\">\n\t\t\t<p>Grunds\u00e4tzlich empfehle ich nicht, st\u00e4ndig in die neueste Kameratechnik zu investieren. Viel wichtiger ist, aus dem vorhandenen Equipment das Beste herauszuholen. Gleichzeitig rate ich davon<\/p>\n\t\t<\/div>\n\t\t\n\t\t<a class=\"elementor-post__read-more\" href=\"https:\/\/dev.web-design.wien\/fotokurse\/2026\/01\/20\/tipps-zum-kamerakauf\/\" aria-label=\"Mehr \u00fcber Tipps zum Kamerakauf\" tabindex=\"-1\" >\n\t\t\tWeiterlesen \u00bb\t\t<\/a>\n\n\t\t\t\t<\/div>\n\t\t\t\t\t<\/div>\n\t\t<\/article>\n\t\t\t\t<article class=\"elementor-post elementor-grid-item post-580 post type-post status-publish format-standard has-post-thumbnail hentry category-allgemein\" role=\"listitem\">\n\t\t\t<div class=\"elementor-post__card\">\n\t\t\t\t<a class=\"elementor-post__thumbnail__link\" href=\"https:\/\/dev.web-design.wien\/fotokurse\/2026\/01\/20\/tipps-zum-objektivkauf\/\" tabindex=\"-1\" ><div class=\"elementor-post__thumbnail\"><img decoding=\"async\" width=\"768\" height=\"512\" src=\"https:\/\/dev.web-design.wien\/fotokurse\/wp-content\/uploads\/2026\/01\/fotokurs-fotoworkshop-tirol-11.-August-2013IMG_1098-768x512.jpg\" class=\"attachment-medium_large size-medium_large wp-image-581\" alt=\"fotokurs-fotoworkshop-tirol-innsbruck\" srcset=\"https:\/\/dev.web-design.wien\/fotokurse\/wp-content\/uploads\/2026\/01\/fotokurs-fotoworkshop-tirol-11.-August-2013IMG_1098-768x512.jpg 768w, https:\/\/dev.web-design.wien\/fotokurse\/wp-content\/uploads\/2026\/01\/fotokurs-fotoworkshop-tirol-11.-August-2013IMG_1098-300x200.jpg 300w, https:\/\/dev.web-design.wien\/fotokurse\/wp-content\/uploads\/2026\/01\/fotokurs-fotoworkshop-tirol-11.-August-2013IMG_1098-1024x683.jpg 1024w, https:\/\/dev.web-design.wien\/fotokurse\/wp-content\/uploads\/2026\/01\/fotokurs-fotoworkshop-tirol-11.-August-2013IMG_1098-1536x1024.jpg 1536w, https:\/\/dev.web-design.wien\/fotokurse\/wp-content\/uploads\/2026\/01\/fotokurs-fotoworkshop-tirol-11.-August-2013IMG_1098.jpg 1920w\" sizes=\"(max-width: 768px) 100vw, 768px\" \/><\/div><\/a>\n\t\t\t\t<div class=\"elementor-post__badge\">Allgemein<\/div>\n\t\t\t\t<div class=\"elementor-post__text\">\n\t\t\t\t<h3 class=\"elementor-post__title\">\n\t\t\t<a href=\"https:\/\/dev.web-design.wien\/fotokurse\/2026\/01\/20\/tipps-zum-objektivkauf\/\" >\n\t\t\t\tTipps zum Objektivkauf\t\t\t<\/a>\n\t\t<\/h3>\n\t\t\t\t<div class=\"elementor-post__excerpt\">\n\t\t\t<p>Bevor du ein Objektiv kaufst, frage dich immer: \u201eWas will ich fotografieren?\u201c Objektive gibt es mittlerweile in gro\u00dfer Vielfalt: Canon hat \u00fcber 100 verschiedene Modelle,<\/p>\n\t\t<\/div>\n\t\t\n\t\t<a class=\"elementor-post__read-more\" href=\"https:\/\/dev.web-design.wien\/fotokurse\/2026\/01\/20\/tipps-zum-objektivkauf\/\" aria-label=\"Mehr \u00fcber Tipps zum Objektivkauf\" tabindex=\"-1\" >\n\t\t\tWeiterlesen \u00bb\t\t<\/a>\n\n\t\t\t\t<\/div>\n\t\t\t\t\t<\/div>\n\t\t<\/article>\n\t\t\t\t<article class=\"elementor-post elementor-grid-item post-585 post type-post status-publish format-standard has-post-thumbnail hentry category-allgemein\" role=\"listitem\">\n\t\t\t<div class=\"elementor-post__card\">\n\t\t\t\t<a class=\"elementor-post__thumbnail__link\" href=\"https:\/\/dev.web-design.wien\/fotokurse\/2026\/01\/20\/was-bringt-das-raw-format\/\" tabindex=\"-1\" ><div class=\"elementor-post__thumbnail\"><img loading=\"lazy\" decoding=\"async\" width=\"768\" height=\"512\" src=\"https:\/\/dev.web-design.wien\/fotokurse\/wp-content\/uploads\/2026\/01\/fotokurs-fotoworkshop-tirol-03.-September-2018_MG_4280-2-768x512.jpg\" class=\"attachment-medium_large size-medium_large wp-image-586\" alt=\"bildbearbeitungskurs-lightroomkurs-fotokurs-fotoworkshop-tirol\" srcset=\"https:\/\/dev.web-design.wien\/fotokurse\/wp-content\/uploads\/2026\/01\/fotokurs-fotoworkshop-tirol-03.-September-2018_MG_4280-2-768x512.jpg 768w, https:\/\/dev.web-design.wien\/fotokurse\/wp-content\/uploads\/2026\/01\/fotokurs-fotoworkshop-tirol-03.-September-2018_MG_4280-2-300x200.jpg 300w, https:\/\/dev.web-design.wien\/fotokurse\/wp-content\/uploads\/2026\/01\/fotokurs-fotoworkshop-tirol-03.-September-2018_MG_4280-2-1024x683.jpg 1024w, https:\/\/dev.web-design.wien\/fotokurse\/wp-content\/uploads\/2026\/01\/fotokurs-fotoworkshop-tirol-03.-September-2018_MG_4280-2-1536x1024.jpg 1536w, https:\/\/dev.web-design.wien\/fotokurse\/wp-content\/uploads\/2026\/01\/fotokurs-fotoworkshop-tirol-03.-September-2018_MG_4280-2.jpg 1920w\" sizes=\"(max-width: 768px) 100vw, 768px\" \/><\/div><\/a>\n\t\t\t\t<div class=\"elementor-post__badge\">Allgemein<\/div>\n\t\t\t\t<div class=\"elementor-post__text\">\n\t\t\t\t<h3 class=\"elementor-post__title\">\n\t\t\t<a href=\"https:\/\/dev.web-design.wien\/fotokurse\/2026\/01\/20\/was-bringt-das-raw-format\/\" >\n\t\t\t\tWas bringt das RAW-Format?\t\t\t<\/a>\n\t\t<\/h3>\n\t\t\t\t<div class=\"elementor-post__excerpt\">\n\t\t\t<p>In meinem Grundlagenkurs fotografieren die Teilnehmenden im \u201egew\u00f6hnlichen\u201c JPEG-Format, was f\u00fcr Fotografie-Einsteiger v\u00f6llig ausreichend ist. Wer das Fotografieren allerdings ernsthafter betreiben m\u00f6chte, sollte sich meiner<\/p>\n\t\t<\/div>\n\t\t\n\t\t<a class=\"elementor-post__read-more\" href=\"https:\/\/dev.web-design.wien\/fotokurse\/2026\/01\/20\/was-bringt-das-raw-format\/\" aria-label=\"Mehr \u00fcber Was bringt das RAW-Format?\" tabindex=\"-1\" >\n\t\t\tWeiterlesen \u00bb\t\t<\/a>\n\n\t\t\t\t<\/div>\n\t\t\t\t\t<\/div>\n\t\t<\/article>\n\t\t\t\t<\/div>\n\t\t\n\t\t\t\t\t\t<\/div>\n\t\t\t\t<\/div>\n\t\t\t\t\t<\/div>\n\t\t\t\t<\/div>\n\t\t<div class=\"elementor-element elementor-element-1f47a73 e-flex e-con-boxed e-con e-parent\" data-id=\"1f47a73\" data-element_type=\"container\" data-e-type=\"container\">\n\t\t\t\t\t<div class=\"e-con-inner\">\n\t\t<div class=\"elementor-element elementor-element-962ea9b e-con-full e-flex e-con e-child\" data-id=\"962ea9b\" data-element_type=\"container\" data-e-type=\"container\">\n\t\t\t\t<div class=\"elementor-element elementor-element-fa9e3f2 elementor-cta--skin-classic elementor-animated-content elementor-bg-transform elementor-bg-transform-zoom-in elementor-widget elementor-widget-call-to-action\" data-id=\"fa9e3f2\" data-element_type=\"widget\" data-e-type=\"widget\" data-widget_type=\"call-to-action.default\">\n\t\t\t\t\t\t\t<div class=\"elementor-cta\">\n\t\t\t\t\t<div class=\"elementor-cta__bg-wrapper\">\n\t\t\t\t<div class=\"elementor-cta__bg elementor-bg\" style=\"background-image: url(https:\/\/dev.web-design.wien\/fotokurse\/wp-content\/uploads\/2026\/01\/Fotokurse-Tirol-Home-Banner-01-1024x207.jpg);\" role=\"img\" aria-label=\"Fotokurse-Tirol-Home-Banner-01\"><\/div>\n\t\t\t\t<div class=\"elementor-cta__bg-overlay\"><\/div>\n\t\t\t<\/div>\n\t\t\t\t\t\t\t<div class=\"elementor-cta__content\">\n\t\t\t\t\n\t\t\t\t\t\t\t\t\t<h2 class=\"elementor-cta__title elementor-cta__content-item elementor-content-item\">\n\t\t\t\t\t\tBringe dein Fotowissen auf das n\u00e4chste Level! \t\t\t\t\t<\/h2>\n\t\t\t\t\n\t\t\t\t\n\t\t\t\t\t\t\t\t\t<div class=\"elementor-cta__button-wrapper elementor-cta__content-item elementor-content-item \">\n\t\t\t\t\t<a class=\"elementor-cta__button elementor-button elementor-size-\" href=\"https:\/\/dev.web-design.wien\/fotokurse\/anmeldung-und-gutscheine\/\">\n\t\t\t\t\t\tJetzt anmelden\t\t\t\t\t<\/a>\n\t\t\t\t\t<\/div>\n\t\t\t\t\t\t\t<\/div>\n\t\t\t\t\t\t<\/div>\n\t\t\t\t\t\t<\/div>\n\t\t\t\t<\/div>\n\t\t\t\t\t<\/div>\n\t\t\t\t<\/div>\n\t\t\t\t<\/div>\n\t\t","protected":false},"excerpt":{"rendered":"<p>Tipps &amp; Tricks Hier findest du hilfreiche Blogbeitr\u00e4ge rund um die Wahl und den Einsatz von Kamera, Objektiv und Zubeh\u00f6r. Hier teile ich praxisnahe Tipps und Erfahrungen aus dem Fotografenalltag, die dir helfen sollen, Fehlk\u00e4ufe zu vermeiden und das Beste aus deinem Equipment herauszuholen. Au\u00dferdem erkl\u00e4re ich, welchen Vorteil das Fotografieren im RAW-Format bringt und [&hellip;]<\/p>\n","protected":false},"author":3,"featured_media":0,"parent":0,"menu_order":0,"comment_status":"closed","ping_status":"closed","template":"","meta":{"footnotes":""},"class_list":["post-986","page","type-page","status-publish","hentry"],"_links":{"self":[{"href":"https:\/\/dev.web-design.wien\/fotokurse\/wp-json\/wp\/v2\/pages\/986","targetHints":{"allow":["GET"]}}],"collection":[{"href":"https:\/\/dev.web-design.wien\/fotokurse\/wp-json\/wp\/v2\/pages"}],"about":[{"href":"https:\/\/dev.web-design.wien\/fotokurse\/wp-json\/wp\/v2\/types\/page"}],"author":[{"embeddable":true,"href":"https:\/\/dev.web-design.wien\/fotokurse\/wp-json\/wp\/v2\/users\/3"}],"replies":[{"embeddable":true,"href":"https:\/\/dev.web-design.wien\/fotokurse\/wp-json\/wp\/v2\/comments?post=986"}],"version-history":[{"count":32,"href":"https:\/\/dev.web-design.wien\/fotokurse\/wp-json\/wp\/v2\/pages\/986\/revisions"}],"predecessor-version":[{"id":2484,"href":"https:\/\/dev.web-design.wien\/fotokurse\/wp-json\/wp\/v2\/pages\/986\/revisions\/2484"}],"wp:attachment":[{"href":"https:\/\/dev.web-design.wien\/fotokurse\/wp-json\/wp\/v2\/media?parent=986"}],"curies":[{"name":"wp","href":"https:\/\/api.w.org\/{rel}","templated":true}]}}