{"id":344,"date":"2026-02-04T09:41:54","date_gmt":"2026-02-04T08:41:54","guid":{"rendered":"https:\/\/dev.web-design.wien\/kaufvertrag\/?page_id=344"},"modified":"2026-02-06T13:40:23","modified_gmt":"2026-02-06T12:40:23","slug":"datenschutz","status":"publish","type":"page","link":"https:\/\/dev.web-design.wien\/kaufvertrag\/datenschutz\/","title":{"rendered":"Datenschutz"},"content":{"rendered":"\t\t<div data-elementor-type=\"wp-page\" data-elementor-id=\"344\" class=\"elementor elementor-344\" data-elementor-post-type=\"page\">\n\t\t\t\t<div class=\"elementor-element elementor-element-448c452 e-flex e-con-boxed e-con e-parent\" data-id=\"448c452\" data-element_type=\"container\" data-e-type=\"container\">\n\t\t\t\t\t<div class=\"e-con-inner\">\n\t\t\t\t<div class=\"elementor-element elementor-element-09283dd elementor-icon-list--layout-traditional elementor-list-item-link-full_width elementor-widget elementor-widget-icon-list\" data-id=\"09283dd\" data-element_type=\"widget\" data-e-type=\"widget\" data-widget_type=\"icon-list.default\">\n\t\t\t\t\t\t\t<ul class=\"elementor-icon-list-items\">\n\t\t\t\t\t\t\t<li class=\"elementor-icon-list-item\">\n\t\t\t\t\t\t\t\t\t\t\t<a href=\"https:\/\/dev.web-design.wien\/kaufvertrag\">\n\n\t\t\t\t\t\t\t\t\t\t\t\t<span class=\"elementor-icon-list-icon\">\n\t\t\t\t\t\t\t<svg aria-hidden=\"true\" class=\"e-font-icon-svg e-fas-long-arrow-alt-left\" viewBox=\"0 0 448 512\" xmlns=\"http:\/\/www.w3.org\/2000\/svg\"><path d=\"M134.059 296H436c6.627 0 12-5.373 12-12v-56c0-6.627-5.373-12-12-12H134.059v-46.059c0-21.382-25.851-32.09-40.971-16.971L7.029 239.029c-9.373 9.373-9.373 24.569 0 33.941l86.059 86.059c15.119 15.119 40.971 4.411 40.971-16.971V296z\"><\/path><\/svg>\t\t\t\t\t\t<\/span>\n\t\t\t\t\t\t\t\t\t\t<span class=\"elementor-icon-list-text\">zur\u00fcck<\/span>\n\t\t\t\t\t\t\t\t\t\t\t<\/a>\n\t\t\t\t\t\t\t\t\t<\/li>\n\t\t\t\t\t\t<\/ul>\n\t\t\t\t\t\t<\/div>\n\t\t\t\t\t<\/div>\n\t\t\t\t<\/div>\n\t\t<div class=\"elementor-element elementor-element-99ad9c0 e-flex e-con-boxed e-con e-parent\" data-id=\"99ad9c0\" data-element_type=\"container\" data-e-type=\"container\">\n\t\t\t\t\t<div class=\"e-con-inner\">\n\t\t\t\t<div class=\"elementor-element elementor-element-b4dd607 elementor-widget elementor-widget-heading\" data-id=\"b4dd607\" data-element_type=\"widget\" data-e-type=\"widget\" data-widget_type=\"heading.default\">\n\t\t\t\t\t<h2 class=\"elementor-heading-title elementor-size-default\">Datenschutzerkl\u00e4rung<\/h2>\t\t\t\t<\/div>\n\t\t\t\t<div class=\"elementor-element elementor-element-6e3a976 elementor-widget elementor-widget-text-editor\" data-id=\"6e3a976\" data-element_type=\"widget\" data-e-type=\"widget\" data-widget_type=\"text-editor.default\">\n\t\t\t\t\t\t\t\t\t<h4>1. Personenbezogene Daten<\/h4><p>Die Griesbacher Rechtsanwalt GmbH nimmt Datenschutz sehr ernst und respektieren Ihre Privatsph\u00e4re, sei es als Mandant, als Klient unserer Mandanten oder nur als Besucher dieser Website; Wir erheben, verarbeiten und nutzen Ihre personenbezogenen Daten nur mit Ihrer Einwilligung bzw. Mandatierung oder Bestellung zu den mit Ihnen vereinbarten Zwecken oder wenn eine sonstige rechtliche Grundlage im Einklang mit der DSGVO und dem DSG vorliegt; dies unter Einhaltung der datenschutz- und zivilrechtlichen Bestimmungen.<\/p><p>Es werden nur solche personenbezogenen Daten erhoben, die f\u00fcr die Durchf\u00fchrung und Abwicklung unserer rechtsanwaltlichen Leistungen tats\u00e4chlich erforderlich sind oder die Sie uns freiwillig zur Verf\u00fcgung gestellt haben.<\/p><p>Personenbezogene Daten sind alle Daten, die Einzelangaben \u00fcber pers\u00f6nliche oder sachliche Verh\u00e4ltnisse enthalten, beispielsweise Name, Anschrift, Emailadresse, Telefonnummer, Geburtsdatum, Alter, Geschlecht, Sozialversicherungsnummer, Videoaufzeichnungen, Fotos, Stimmaufnahmen von Personen sowie biometrische Daten wie etwa Fingerabdr\u00fccke. Auch sensible Daten, wie Gesundheitsdaten oder Daten im Zusammenhang mit einem Strafverfahren k\u00f6nnen mitumfasst sein.<\/p><h4>2. Auskunft und L\u00f6schung<\/h4><p>Sie, als unsere Mandantin oder Mandant, haben als Betroffener \u2014 obgleich der Wahrung der rechtsanwaltlichen Verschwiegenheitspflicht \u2014 jederzeit das Recht auf Auskunft \u00fcber Ihre gespeicherten personenbezogenen Daten, deren Herkunft und Empf\u00e4nger sowie den Zweck der Datenverarbeitung als auch ein Recht auf Berichtigung, Daten\u00fcbertragung, Widerspruch, Einschr\u00e4nkung der Bearbeitung und Sperrung oder L\u00f6schung unrichtiger bzw. unzul\u00e4ssig verarbeiteter Daten.<\/p><p>Insoweit sich \u00c4nderungen Ihrer pers\u00f6nlichen Daten ergeben, ersuchen wir um entsprechende Mitteilung.<\/p><p>Sie haben jederzeit das Recht, eine erteilte Einwilligung zur Nutzung Ihrer personenbezogenen Daten zu widerrufen. Ihre Eingabe auf Auskunft, L\u00f6schung, Berichtigung, Widerspruch und\/oder Daten\u00fcbertragung, im letztgenannten Fall, sofern damit nicht ein unverh\u00e4ltnism\u00e4\u00dfiger Aufwand verursacht wird, kann an die in Punkt 10. dieser Erkl\u00e4rung angef\u00fchrte Anschrift der Rechtsanwaltskanzlei gerichtet werden.<\/p><p>Wenn Sie der Auffassung sind, dass die Verarbeitung Ihrer personenbezogenen Daten durch uns gegen das geltende Datenschutzrecht verst\u00f6\u00dft oder Ihre datenschutzrechtlichen Anspr\u00fcche in einer anderen Weise verletzt worden sind, besteht die M\u00f6glichkeit, sich bei der zust\u00e4ndigen Aufsichtsbeh\u00f6rde zu beschweren. In \u00d6sterreich zust\u00e4ndig ist hierf\u00fcr die Datenschutzbeh\u00f6rde.<\/p><h4>3. Datensicherheit<\/h4><p>Der Schutz Ihrer personenbezogenen Daten erfolgt durch entsprechende organisatorische und technische Vorkehrungen. Diese Vorkehrungen betreffen insbesondere den Schutz vor unerlaubtem, rechtswidrigem oder auch zuf\u00e4lligem Zugriff, Verarbeitung, Verlust, Verwendung und Manipulation.<\/p><p>Ungeachtet der Bem\u00fchungen der Einhaltung eines stets angemessen hohen Standes der Sorgfaltsanforderungen kann nicht ausgeschlossen werden, dass Informationen, die Sie uns \u00fcber das Internet bekannt geben, von anderen Personen eingesehen und genutzt werden.<\/p><p>Bitte beachten Sie, dass wir daher keine wie immer geartete Haftung f\u00fcr die Offenlegung von Informationen aufgrund nicht von uns verursachter Fehler bei der Daten\u00fcbertragung und\/oder unautorisiertem Zugriff durch Dritte \u00fcbernehmen (zB Hackangriff auf Email-Account bzw. Telefon, Abfangen von Faxen).<\/p><h4>4. Verwendung der Daten \/ Kontaktformular Homepage<\/h4><p>Wir werden die uns zur Verf\u00fcgung gestellten Daten nicht f\u00fcr andere Zwecke als die durch den Mandatsvertrag oder durch Ihre Einwilligung oder sonst durch eine Bestimmung im Einklang mit der DSGVO gedeckten Zwecken verarbeiten. Ausgenommen hiervon ist die Nutzung f\u00fcr statistische Zwecke, sofern die zur Verf\u00fcgung gestellten Daten anonymisiert wurden.<\/p><p>Dies betrifft freilich auch Ihre Daten, welche wir etwa \u00fcber unser Kontaktformular auf unserer Homepage erhalten (zB Name, E-Mail, Adresse, Telefon). Wenn Sie uns per Kontaktformular Anfragen zukommen lassen, werden Ihre Angaben aus dem Anfrageformular inklusive der von Ihnen dort angegebenen Kontaktdaten und Informationen zwecks Bearbeitung der Anfrage und f\u00fcr den Fall von Anschlussfragen bei uns gespeichert.<\/p><h4>5. \u00dcbermittlung von Daten an Dritte<\/h4><p>Zur Erf\u00fcllung Ihres Auftrages ist es m\u00f6glicherweise auch erforderlich bzw gesetzlich verpflichtend, Ihre Daten an Dritte (zB Gegenseite, Substitute, Versicherungen, Dienstleister, derer wir uns bedienen und denen wir Daten zur Verf\u00fcgung stellen, etc.) Gerichte oder Beh\u00f6rden, weiterzuleiten. Eine Weiterleitung Ihrer Daten erfolgt ausschlie\u00dflich auf Grundlage der DSGVO, insb zur Erf\u00fcllung Ihres Auftrags oder aufgrund Ihrer vorherigen Einwilligung.<br \/>Weiters informieren wir Sie dar\u00fcber, dass im Rahmen unserer rechtsanwaltlichen Vertretung und Betreuung regelm\u00e4\u00dfig auch sachverhalts- und fallbezogene Informationen von Ihnen von dritten Stellen bezogen werden.<\/p><p>Manche der oben genannten Empf\u00e4nger Ihrer personenbezogenen Daten befinden sich au\u00dferhalb Ihres Landes oder verarbeiten dort Ihre personenbezogenen Daten. Das Datenschutzniveau in anderen L\u00e4ndern entspricht unter Umst\u00e4nden nicht dem \u00d6sterreichs. Wir \u00fcbermitteln Ihre personenbezogenen Daten jedoch nur in L\u00e4nder, f\u00fcr welche die EU-Kommission entschieden hat, dass sie \u00fcber ein angemessenes Datenschutzniveau verf\u00fcgen oder wir setzen Ma\u00dfnahmen, um zu gew\u00e4hrleisten, dass alle Empf\u00e4nger ein angemessenes Datenschutzniveau haben, wozu wir Standardvertragsklauseln (2010\/87\/EC und\/oder 2004\/915\/EC) abschlie\u00dfen.<\/p><h4>6. Bekanntgabe von Datenpannen<\/h4><p>Wir sind bem\u00fcht sicherzustellen, dass Datenpannen fr\u00fchzeitig erkannt und gegebenenfalls unverz\u00fcglich Ihnen bzw der zust\u00e4ndigen Aufsichtsbeh\u00f6rde unter Einbezug der jeweiligen Datenkategorien, die betroffen sind, gemeldet werden.<\/p><h4>7. Aufbewahrung der Daten<\/h4><p>Wir werden Daten nicht l\u00e4nger aufbewahren als dies zur Erf\u00fcllung unserer vertraglichen bzw gesetzlichen Verpflichtungen und zur Abwehr allf\u00e4lliger Haftungsanspr\u00fcche erforderlich ist (zB 7 Jahre nach der BAO oder UGB etc).<\/p><h4>8. Server-Log-Files<\/h4><p>Zur Optimierung dieser Website in Bezug auf die System-Performance, Benutzerfreundlichkeit und Bereitstellung von n\u00fctzlichen Informationen \u00fcber unsere Dienstleistungen erhebt und speichert der Provider der Website automatisch Informationen in so genannten Server-Log Files, die Ihr Browser automatisch an uns \u00fcbermittelt. Davon umfasst sind Ihre Internet-Protokoll Adresse (IP-Adresse), Browser und Spracheinstellung, Betriebssystem, Referrer URL, Ihr Internet Service Provider und Datum\/Uhrzeit.<\/p><p>Eine Zusammenf\u00fchrung dieser Daten mit personenbezogenen Datenquellen wird nicht vorgenommen. Wir behalten uns vor, diese Daten nachtr\u00e4glich zu pr\u00fcfen, wenn uns konkrete Anhaltspunkte f\u00fcr eine rechtswidrige Nutzung bekannt werden.<\/p><h4>9. Unsere Kontaktdaten<\/h4><p>Da uns der Schutz Ihrer Daten besonders wichtig ist, sind wir f\u00fcr Sie unter den folgenden angef\u00fchrten Kontaktdaten jederzeit f\u00fcr Ihre Fragen oder Ihren Widerruf erreichbar:<\/p><p>Telefon: +43 1 20 80 157<br \/>E-Mail: office@dgra.at<br \/>Ansprechpartner: Rechtsanwalt Mag. David Griesbacher\u00a0<\/p><p>Bitte beachten Sie, dass wir diese Datenschutzerkl\u00e4rung jederzeit aktualisieren k\u00f6nnen. Wir empfehlen Ihnen daher, diese Seite regelm\u00e4\u00dfig auf aktuelle Informationen zu unseren Datenschutzpraktiken zu \u00fcberpr\u00fcfen.<\/p>\t\t\t\t\t\t\t\t<\/div>\n\t\t\t\t<div class=\"elementor-element elementor-element-381ea11 elementor-icon-list--layout-traditional elementor-list-item-link-full_width elementor-widget elementor-widget-icon-list\" data-id=\"381ea11\" data-element_type=\"widget\" data-e-type=\"widget\" data-widget_type=\"icon-list.default\">\n\t\t\t\t\t\t\t<ul class=\"elementor-icon-list-items\">\n\t\t\t\t\t\t\t<li class=\"elementor-icon-list-item\">\n\t\t\t\t\t\t\t\t\t\t\t<a href=\"https:\/\/dev.web-design.wien\/kaufvertrag\">\n\n\t\t\t\t\t\t\t\t\t\t\t\t<span class=\"elementor-icon-list-icon\">\n\t\t\t\t\t\t\t<svg aria-hidden=\"true\" class=\"e-font-icon-svg e-fas-long-arrow-alt-left\" viewBox=\"0 0 448 512\" xmlns=\"http:\/\/www.w3.org\/2000\/svg\"><path d=\"M134.059 296H436c6.627 0 12-5.373 12-12v-56c0-6.627-5.373-12-12-12H134.059v-46.059c0-21.382-25.851-32.09-40.971-16.971L7.029 239.029c-9.373 9.373-9.373 24.569 0 33.941l86.059 86.059c15.119 15.119 40.971 4.411 40.971-16.971V296z\"><\/path><\/svg>\t\t\t\t\t\t<\/span>\n\t\t\t\t\t\t\t\t\t\t<span class=\"elementor-icon-list-text\">zur\u00fcck<\/span>\n\t\t\t\t\t\t\t\t\t\t\t<\/a>\n\t\t\t\t\t\t\t\t\t<\/li>\n\t\t\t\t\t\t<\/ul>\n\t\t\t\t\t\t<\/div>\n\t\t\t\t\t<\/div>\n\t\t\t\t<\/div>\n\t\t\t\t<\/div>\n\t\t","protected":false},"excerpt":{"rendered":"<p>zur\u00fcck Datenschutzerkl\u00e4rung 1. Personenbezogene Daten Die Griesbacher Rechtsanwalt GmbH nimmt Datenschutz sehr ernst und respektieren Ihre Privatsph\u00e4re, sei es als Mandant, als Klient unserer Mandanten oder nur als Besucher dieser Website; Wir erheben, verarbeiten und nutzen Ihre personenbezogenen Daten nur mit Ihrer Einwilligung bzw. Mandatierung oder Bestellung zu den mit Ihnen vereinbarten Zwecken oder wenn [&hellip;]<\/p>\n","protected":false},"author":1,"featured_media":0,"parent":0,"menu_order":0,"comment_status":"closed","ping_status":"closed","template":"","meta":{"footnotes":""},"class_list":["post-344","page","type-page","status-publish","hentry"],"_links":{"self":[{"href":"https:\/\/dev.web-design.wien\/kaufvertrag\/wp-json\/wp\/v2\/pages\/344","targetHints":{"allow":["GET"]}}],"collection":[{"href":"https:\/\/dev.web-design.wien\/kaufvertrag\/wp-json\/wp\/v2\/pages"}],"about":[{"href":"https:\/\/dev.web-design.wien\/kaufvertrag\/wp-json\/wp\/v2\/types\/page"}],"author":[{"embeddable":true,"href":"https:\/\/dev.web-design.wien\/kaufvertrag\/wp-json\/wp\/v2\/users\/1"}],"replies":[{"embeddable":true,"href":"https:\/\/dev.web-design.wien\/kaufvertrag\/wp-json\/wp\/v2\/comments?post=344"}],"version-history":[{"count":7,"href":"https:\/\/dev.web-design.wien\/kaufvertrag\/wp-json\/wp\/v2\/pages\/344\/revisions"}],"predecessor-version":[{"id":385,"href":"https:\/\/dev.web-design.wien\/kaufvertrag\/wp-json\/wp\/v2\/pages\/344\/revisions\/385"}],"wp:attachment":[{"href":"https:\/\/dev.web-design.wien\/kaufvertrag\/wp-json\/wp\/v2\/media?parent=344"}],"curies":[{"name":"wp","href":"https:\/\/api.w.org\/{rel}","templated":true}]}}