{"id":349,"date":"2026-02-04T09:47:18","date_gmt":"2026-02-04T08:47:18","guid":{"rendered":"https:\/\/dev.web-design.wien\/kaufvertrag\/?page_id=349"},"modified":"2026-05-13T13:01:37","modified_gmt":"2026-05-13T11:01:37","slug":"impressum","status":"publish","type":"page","link":"https:\/\/dev.web-design.wien\/kaufvertrag\/impressum\/","title":{"rendered":"Impressum"},"content":{"rendered":"\t\t<div data-elementor-type=\"wp-page\" data-elementor-id=\"349\" class=\"elementor elementor-349\" data-elementor-post-type=\"page\">\n\t\t\t\t<div class=\"elementor-element elementor-element-f90715c e-flex e-con-boxed e-con e-parent\" data-id=\"f90715c\" data-element_type=\"container\" data-e-type=\"container\">\n\t\t\t\t\t<div class=\"e-con-inner\">\n\t\t\t\t<div class=\"elementor-element elementor-element-8cd48cd elementor-icon-list--layout-traditional elementor-list-item-link-full_width elementor-widget elementor-widget-icon-list\" data-id=\"8cd48cd\" data-element_type=\"widget\" data-e-type=\"widget\" data-widget_type=\"icon-list.default\">\n\t\t\t\t\t\t\t<ul class=\"elementor-icon-list-items\">\n\t\t\t\t\t\t\t<li class=\"elementor-icon-list-item\">\n\t\t\t\t\t\t\t\t\t\t\t<a href=\"https:\/\/dev.web-design.wien\/kaufvertrag\">\n\n\t\t\t\t\t\t\t\t\t\t\t\t<span class=\"elementor-icon-list-icon\">\n\t\t\t\t\t\t\t<svg aria-hidden=\"true\" class=\"e-font-icon-svg e-fas-long-arrow-alt-left\" viewBox=\"0 0 448 512\" xmlns=\"http:\/\/www.w3.org\/2000\/svg\"><path d=\"M134.059 296H436c6.627 0 12-5.373 12-12v-56c0-6.627-5.373-12-12-12H134.059v-46.059c0-21.382-25.851-32.09-40.971-16.971L7.029 239.029c-9.373 9.373-9.373 24.569 0 33.941l86.059 86.059c15.119 15.119 40.971 4.411 40.971-16.971V296z\"><\/path><\/svg>\t\t\t\t\t\t<\/span>\n\t\t\t\t\t\t\t\t\t\t<span class=\"elementor-icon-list-text\">zur\u00fcck<\/span>\n\t\t\t\t\t\t\t\t\t\t\t<\/a>\n\t\t\t\t\t\t\t\t\t<\/li>\n\t\t\t\t\t\t<\/ul>\n\t\t\t\t\t\t<\/div>\n\t\t\t\t\t<\/div>\n\t\t\t\t<\/div>\n\t\t<div class=\"elementor-element elementor-element-f9db1c8 e-flex e-con-boxed e-con e-parent\" data-id=\"f9db1c8\" data-element_type=\"container\" data-e-type=\"container\">\n\t\t\t\t\t<div class=\"e-con-inner\">\n\t\t\t\t<div class=\"elementor-element elementor-element-83eca07 elementor-widget elementor-widget-heading\" data-id=\"83eca07\" data-element_type=\"widget\" data-e-type=\"widget\" data-widget_type=\"heading.default\">\n\t\t\t\t\t<h2 class=\"elementor-heading-title elementor-size-default\">Impressum<\/h2>\t\t\t\t<\/div>\n\t\t\t\t<div class=\"elementor-element elementor-element-e2c96c1 elementor-widget elementor-widget-text-editor\" data-id=\"e2c96c1\" data-element_type=\"widget\" data-e-type=\"widget\" data-widget_type=\"text-editor.default\">\n\t\t\t\t\t\t\t\t\t<p><strong>Offenlegung nach \u00a7 14 UGB, \u00a7 5 ECG und \u00a7 25 MedienG<\/strong><\/p><p>Griesbacher Rechtsanwalt GmbH<br \/>Kolingasse 5\/8<br \/>1090 Wien<\/p><p>M: +43 1 20 80 157<br \/>E: office@dgra.at<br \/>W: dgra.at<\/p><p>Fn 646231s<br \/>ATU 81664058<\/p><h4>Standesrecht &amp; Aufsicht:<\/h4><p>Die Kanzlei Griesbacher Rechtsanwalt GmbH unterliegt dem berufsrechtlichen Standesrecht (RAO, RL-BA, DSt) sowie der Aufsicht der Rechtsanwaltskammer Wien<\/p><h4>Design &amp; Umsetzung:<\/h4><p>Digitales Handwerk &#8211; <a href=\"https:\/\/web-design.wien\" target=\"_blank\" rel=\"noopener\">web-design.wien<\/a><\/p><h4>Fotos und CI<\/h4><p>Studio Griesbacher-Tafner<\/p><h4>Disclaimer\/Haftungsausschluss:<\/h4><p>Die Griesbacher Rechtsanwalt GmbH \u00fcbernimmt keine Haftung f\u00fcr jegliche unmittelbaren oder mittelbaren Sch\u00e4den, Schadenersatzforderungen oder Folgesch\u00e4den egal welcher Art und aus welchem Rechtsgrund, die durch den Zugriff oder die Verwendung der Website entstehen k\u00f6nnen. Eine Haftung f\u00fcr die Aktualit\u00e4t von Informationen, die Richtigkeit und Vollst\u00e4ndigkeit der auf unserer Website zur Verf\u00fcgung gestellten Informationen wird ausgeschlossen. Dies gilt auch f\u00fcr etwaige Links auf fremde Websites (da au\u00dferhalb unserer Kontrolle).<\/p><h4>Google Analytics<\/h4><p>Diese Website benutzt Google Analytics, einen Webanalysedienst der Google Inc. (\u201eGoogle\u201c). Google Analytics verwendet sog. \u201eCookies\u201c, Textdateien, die auf Ihrem Computer gespeichert werden und die eine Analyse der Benutzung der Website durch Sie erm\u00f6glichen. Die durch den Cookie erzeugten Informationen \u00fcber Ihre Benutzung dieser Website werden in der Regel an einen Server von Google in den USA \u00fcbertragen und dort gespeichert. Wir weisen Sie darauf hin, dass auf dieser Website Google Analytics um die IP-Anonymisierung erweitert wurde, um eine anonymisierte Erfassung von IP-Adressen (sog. IP-Masking) zu gew\u00e4hrleisten. Durch die IP-Anonymisierung auf dieser Webseite wird Ihre IP-Adresse von Google innerhalb von Mitgliedstaaten der Europ\u00e4ischen Union oder in anderen Vertragsstaaten des Abkommens \u00fcber den Europ\u00e4ischen Wirtschaftsraum zuvor gek\u00fcrzt.<\/p><p>Nur in Ausnahmef\u00e4llen wird die volle IP-Adresse an einen Server von Google in den USA \u00fcbertragen und dort gek\u00fcrzt. Im Auftrag des Betreibers dieser Website wird Google diese Informationen benutzen, um Ihre Nutzung der Website auszuwerten, um Reports \u00fcber die Websiteaktivit\u00e4ten zusammenzustellen und um weitere mit der Websitenutzung und der Internetnutzung verbundene Dienstleistungen gegen\u00fcber dem Websitebetreiber zu erbringen. Die im Rahmen von Google Analytics von Ihrem Browser \u00fcbermittelte IP-Adresse wird nicht mit anderen Daten von Google zusammengef\u00fchrt.<\/p><p>Sie k\u00f6nnen die Speicherung der Cookies durch eine entsprechende Einstellung Ihrer Browser-Software verhindern; wir weisen Sie jedoch darauf hin, dass Sie in diesem Fall gegebenenfalls nicht s\u00e4mtliche Funktionen dieser Website vollumf\u00e4nglich nutzen werden k\u00f6nnen. Sie k\u00f6nnen dar\u00fcber hinaus die Erfassung der durch das Cookie erzeugten und auf Ihre Nutzung der Website bezogenen Daten (inkl. Ihrer IP-Adresse) an Google sowie die Verarbeitung dieser Daten durch Google verhindern, indem sie das unter dem folgenden Link verf\u00fcgbare Browser-Plugin herunterladen und installieren:<\/p><p>http:\/\/tools.google.com\/dlpage\/gaoptout?hl=de.<\/p><p>N\u00e4here Informationen zu Nutzungsbedingungen und Datenschutz finden Sie unter http:\/\/www.google.com\/analytics\/terms\/de.html bzw. unter https:\/\/www.google.de\/intl\/de\/policies\/.<\/p>\t\t\t\t\t\t\t\t<\/div>\n\t\t\t\t<div class=\"elementor-element elementor-element-11e0cf7 elementor-icon-list--layout-traditional elementor-list-item-link-full_width elementor-widget elementor-widget-icon-list\" data-id=\"11e0cf7\" data-element_type=\"widget\" data-e-type=\"widget\" data-widget_type=\"icon-list.default\">\n\t\t\t\t\t\t\t<ul class=\"elementor-icon-list-items\">\n\t\t\t\t\t\t\t<li class=\"elementor-icon-list-item\">\n\t\t\t\t\t\t\t\t\t\t\t<a href=\"https:\/\/dev.web-design.wien\/kaufvertrag\">\n\n\t\t\t\t\t\t\t\t\t\t\t\t<span class=\"elementor-icon-list-icon\">\n\t\t\t\t\t\t\t<svg aria-hidden=\"true\" class=\"e-font-icon-svg e-fas-long-arrow-alt-left\" viewBox=\"0 0 448 512\" xmlns=\"http:\/\/www.w3.org\/2000\/svg\"><path d=\"M134.059 296H436c6.627 0 12-5.373 12-12v-56c0-6.627-5.373-12-12-12H134.059v-46.059c0-21.382-25.851-32.09-40.971-16.971L7.029 239.029c-9.373 9.373-9.373 24.569 0 33.941l86.059 86.059c15.119 15.119 40.971 4.411 40.971-16.971V296z\"><\/path><\/svg>\t\t\t\t\t\t<\/span>\n\t\t\t\t\t\t\t\t\t\t<span class=\"elementor-icon-list-text\">zur\u00fcck<\/span>\n\t\t\t\t\t\t\t\t\t\t\t<\/a>\n\t\t\t\t\t\t\t\t\t<\/li>\n\t\t\t\t\t\t<\/ul>\n\t\t\t\t\t\t<\/div>\n\t\t\t\t\t<\/div>\n\t\t\t\t<\/div>\n\t\t\t\t<\/div>\n\t\t","protected":false},"excerpt":{"rendered":"<p>zur\u00fcck Impressum Offenlegung nach \u00a7 14 UGB, \u00a7 5 ECG und \u00a7 25 MedienG Griesbacher Rechtsanwalt GmbHKolingasse 5\/81090 Wien M: +43 1 20 80 157E: office@dgra.atW: dgra.at Fn 646231sATU 81664058 Standesrecht &amp; Aufsicht: Die Kanzlei Griesbacher Rechtsanwalt GmbH unterliegt dem berufsrechtlichen Standesrecht (RAO, RL-BA, DSt) sowie der Aufsicht der Rechtsanwaltskammer Wien Design &amp; Umsetzung: Digitales [&hellip;]<\/p>\n","protected":false},"author":1,"featured_media":0,"parent":0,"menu_order":0,"comment_status":"closed","ping_status":"closed","template":"","meta":{"footnotes":""},"class_list":["post-349","page","type-page","status-publish","hentry"],"_links":{"self":[{"href":"https:\/\/dev.web-design.wien\/kaufvertrag\/wp-json\/wp\/v2\/pages\/349","targetHints":{"allow":["GET"]}}],"collection":[{"href":"https:\/\/dev.web-design.wien\/kaufvertrag\/wp-json\/wp\/v2\/pages"}],"about":[{"href":"https:\/\/dev.web-design.wien\/kaufvertrag\/wp-json\/wp\/v2\/types\/page"}],"author":[{"embeddable":true,"href":"https:\/\/dev.web-design.wien\/kaufvertrag\/wp-json\/wp\/v2\/users\/1"}],"replies":[{"embeddable":true,"href":"https:\/\/dev.web-design.wien\/kaufvertrag\/wp-json\/wp\/v2\/comments?post=349"}],"version-history":[{"count":10,"href":"https:\/\/dev.web-design.wien\/kaufvertrag\/wp-json\/wp\/v2\/pages\/349\/revisions"}],"predecessor-version":[{"id":432,"href":"https:\/\/dev.web-design.wien\/kaufvertrag\/wp-json\/wp\/v2\/pages\/349\/revisions\/432"}],"wp:attachment":[{"href":"https:\/\/dev.web-design.wien\/kaufvertrag\/wp-json\/wp\/v2\/media?parent=349"}],"curies":[{"name":"wp","href":"https:\/\/api.w.org\/{rel}","templated":true}]}}